{"id":25,"date":"2025-07-20T15:36:58","date_gmt":"2025-07-20T13:36:58","guid":{"rendered":"https:\/\/datorhjalp.se\/blogg\/?page_id=25"},"modified":"2025-07-20T15:36:58","modified_gmt":"2025-07-20T13:36:58","slug":"om-bloggen","status":"publish","type":"page","link":"https:\/\/datorhjalp.se\/blogg\/om-bloggen\/","title":{"rendered":"Om bloggen"},"content":{"rendered":"\n<p><strong>V\u00e4lkommen till Datorhj\u00e4lps blogg!<\/strong><br>H\u00e4r skriver vi om s\u00e5dant vi tycker \u00e4r intressant \u2013 det kan vara kundprojekt vi \u00e4r extra stolta \u00f6ver, eller n\u00e5gon trend i branschen som f\u00e5ngat v\u00e5rt intresse.<\/p>\n\n\n\n<p>Tanken med bloggen \u00e4r att den ska vara lite mer personlig och inte lika formell som v\u00e5r vanliga hemsida.<\/p>\n\n\n\n<p>Bloggen drivs av <strong>Datorhj\u00e4lp i Stockholm AB<\/strong>. V\u00e5r huvudsida hittar du p\u00e5 <a href=\"https:\/\/datorhjalp.se\/\">Datorhj\u00e4lp.se<\/a>.<\/p>\n","protected":false},"excerpt":{"rendered":"<p>V\u00e4lkommen till Datorhj\u00e4lps blogg!H\u00e4r skriver vi om s\u00e5dant vi tycker \u00e4r intressant \u2013 det kan vara kundprojekt vi \u00e4r extra stolta \u00f6ver, eller n\u00e5gon trend i branschen som f\u00e5ngat v\u00e5rt intresse. Tanken med bloggen \u00e4r att den ska vara lite mer personlig och inte lika formell som v\u00e5r vanliga hemsida. Bloggen drivs av Datorhj\u00e4lp i [&hellip;]<\/p>\n","protected":false},"author":1,"featured_media":0,"parent":0,"menu_order":0,"comment_status":"closed","ping_status":"closed","template":"","meta":{"footnotes":""},"class_list":["post-25","page","type-page","status-publish","hentry"],"_links":{"self":[{"href":"https:\/\/datorhjalp.se\/blogg\/wp-json\/wp\/v2\/pages\/25","targetHints":{"allow":["GET"]}}],"collection":[{"href":"https:\/\/datorhjalp.se\/blogg\/wp-json\/wp\/v2\/pages"}],"about":[{"href":"https:\/\/datorhjalp.se\/blogg\/wp-json\/wp\/v2\/types\/page"}],"author":[{"embeddable":true,"href":"https:\/\/datorhjalp.se\/blogg\/wp-json\/wp\/v2\/users\/1"}],"replies":[{"embeddable":true,"href":"https:\/\/datorhjalp.se\/blogg\/wp-json\/wp\/v2\/comments?post=25"}],"version-history":[{"count":1,"href":"https:\/\/datorhjalp.se\/blogg\/wp-json\/wp\/v2\/pages\/25\/revisions"}],"predecessor-version":[{"id":26,"href":"https:\/\/datorhjalp.se\/blogg\/wp-json\/wp\/v2\/pages\/25\/revisions\/26"}],"wp:attachment":[{"href":"https:\/\/datorhjalp.se\/blogg\/wp-json\/wp\/v2\/media?parent=25"}],"curies":[{"name":"wp","href":"https:\/\/api.w.org\/{rel}","templated":true}]}}