{"id":8,"date":"2024-12-22T08:11:32","date_gmt":"2024-12-22T07:11:32","guid":{"rendered":"https:\/\/datorhjalp.se\/huddinge\/?page_id=8"},"modified":"2025-05-03T13:49:24","modified_gmt":"2025-05-03T11:49:24","slug":"datorhjalp","status":"publish","type":"page","link":"https:\/\/datorhjalp.se\/huddinge\/","title":{"rendered":"Datorhj\u00e4lp Huddinge"},"content":{"rendered":"\n<figure class=\"wp-block-image size-full\"><img loading=\"lazy\" decoding=\"async\" width=\"1024\" height=\"1024\" src=\"https:\/\/datorhjalp.se\/huddinge\/wp-content\/uploads\/2024\/12\/350rut.jpg\" alt=\"\" class=\"wp-image-18\" srcset=\"https:\/\/datorhjalp.se\/huddinge\/wp-content\/uploads\/2024\/12\/350rut.jpg 1024w, https:\/\/datorhjalp.se\/huddinge\/wp-content\/uploads\/2024\/12\/350rut-300x300.jpg 300w, https:\/\/datorhjalp.se\/huddinge\/wp-content\/uploads\/2024\/12\/350rut-150x150.jpg 150w, https:\/\/datorhjalp.se\/huddinge\/wp-content\/uploads\/2024\/12\/350rut-768x768.jpg 768w\" sizes=\"auto, (max-width: 1024px) 100vw, 1024px\" \/><figcaption class=\"wp-element-caption\">350:- i timmen efter RUT Avdraget kostar Datorhj\u00e4lp Huddinge. <\/figcaption><\/figure>\n\n\n\n<p><strong>V\u00e4lkommen till Huddinge Datorhj\u00e4lp!<\/strong><\/p>\n\n\n\n<p>F\u00f6rest\u00e4ll dig att alltid ha en personlig Datorhj\u00e4lpare n\u00e4ra till hands \u2013 n\u00e5gon som snabbt kan l\u00f6sa dina teknikproblem, b\u00e5de i hemmet och p\u00e5 arbetsplatsen. Med Datorhj\u00e4lp Huddinge r\u00e4cker det med ett sms, samtal eller mejl, s\u00e5 kommer vi ut och l\u00f6ser problemet p\u00e5 plats. Om det \u00e4r n\u00e5got vi kan \u00e5tg\u00e4rda direkt, g\u00f6r vi det genast. \u00c4r det mer omfattande, f\u00e5r du tydliga r\u00e5d och f\u00f6rslag p\u00e5 l\u00e5ngsiktiga l\u00f6sningar.<\/p>\n\n\n\n<p>Datorhj\u00e4lp hemma Huddinge \u00e4r b\u00e5de smidigt och prisv\u00e4rt \u2013 bara 350 kr per timme efter RUT-avdraget. Vi \u00e4r aktiva i hela Stockholmsomr\u00e5det och hj\u00e4lper dig med allt fr\u00e5n datorer och smarta TV-apparater till annan teknik som ing\u00e5r i dagens digitala vardag.<\/p>\n\n\n\n<p>Huddinge Datorhj\u00e4lp erbjuder hemservice d\u00e4r en av v\u00e5ra datorhj\u00e4lpare kommer hem till dig och hj\u00e4lper dig med olika IT-problem. H\u00e4r \u00e4r n\u00e5gra exempel p\u00e5 vad vi kan hj\u00e4lpa till med:<\/p>\n\n\n\n<ul class=\"wp-block-list\">\n<li>Installera och konfigurera TV-boxar samt ge en genomg\u00e5ng av hur de fungerar.<\/li>\n\n\n\n<li>St\u00e4lla in skrivare och f\u00e5 dem att fungera.<\/li>\n\n\n\n<li>Ge ink\u00f6psr\u00e5d f\u00f6r vilka produkter som passar dig b\u00e4st.<\/li>\n\n\n\n<li>Fixa datorer som strular.<\/li>\n\n\n\n<li>Ta bort virus ur datorn.<\/li>\n\n\n\n<li>Hj\u00e4lpa dig att byta dator och \u00f6verf\u00f6ra program och data.<\/li>\n\n\n\n<li>Assistera vid byte av telefon.<\/li>\n\n\n\n<li>F\u00f6rb\u00e4ttra WiFi-t\u00e4ckningen i hela bostaden.<\/li>\n\n\n\n<li>Hj\u00e4lpa till med e-post.<\/li>\n\n\n\n<li>Och mycket mer!<\/li>\n<\/ul>\n\n\n\n<p><strong>350:- \/ tim efter RUT<\/strong>. Mer kostar det inte att f\u00e5 hj\u00e4lp i Stockholms omr\u00e5det med datorhj\u00e4lp i hemmet\u00a0<strong>ingen resekostnad debiteras.<\/strong><\/p>\n\n\n\n<p><br>Har du n\u00e5gra fr\u00e5gor? Ring oss p\u00e5<a href=\"tel:+468372100\">\u00a008 37 21 00<\/a>\u00a0mellan 09:00 och 19:00. Om vi inte kan svara direkt, rekommenderar vi att du skickar ett SMS till\u00a0<a href=\"sms:+46765867000\">076 58 67 000<\/a>\u00a0f\u00f6r snabbare svar. Du kan \u00e4ven kontakta oss via e-post p\u00e5<a href=\"mailto:kontakt@datorhjalp.se\">\u00a0kontakt@datorhjalp.se\u00a0<\/a>f\u00f6r hj\u00e4lp.<\/p>\n","protected":false},"excerpt":{"rendered":"<p>V\u00e4lkommen till Huddinge Datorhj\u00e4lp! F\u00f6rest\u00e4ll dig att alltid ha en personlig Datorhj\u00e4lpare n\u00e4ra till hands \u2013 n\u00e5gon som snabbt kan l\u00f6sa dina teknikproblem, b\u00e5de i hemmet och p\u00e5 arbetsplatsen. Med Datorhj\u00e4lp Huddinge r\u00e4cker det med ett sms, samtal eller mejl, s\u00e5 kommer vi ut och l\u00f6ser problemet p\u00e5 plats. Om det \u00e4r n\u00e5got vi kan [&hellip;]<\/p>\n","protected":false},"author":1,"featured_media":0,"parent":0,"menu_order":0,"comment_status":"closed","ping_status":"closed","template":"","meta":{"footnotes":""},"class_list":["post-8","page","type-page","status-publish","hentry"],"_links":{"self":[{"href":"https:\/\/datorhjalp.se\/huddinge\/wp-json\/wp\/v2\/pages\/8","targetHints":{"allow":["GET"]}}],"collection":[{"href":"https:\/\/datorhjalp.se\/huddinge\/wp-json\/wp\/v2\/pages"}],"about":[{"href":"https:\/\/datorhjalp.se\/huddinge\/wp-json\/wp\/v2\/types\/page"}],"author":[{"embeddable":true,"href":"https:\/\/datorhjalp.se\/huddinge\/wp-json\/wp\/v2\/users\/1"}],"replies":[{"embeddable":true,"href":"https:\/\/datorhjalp.se\/huddinge\/wp-json\/wp\/v2\/comments?post=8"}],"version-history":[{"count":6,"href":"https:\/\/datorhjalp.se\/huddinge\/wp-json\/wp\/v2\/pages\/8\/revisions"}],"predecessor-version":[{"id":24,"href":"https:\/\/datorhjalp.se\/huddinge\/wp-json\/wp\/v2\/pages\/8\/revisions\/24"}],"wp:attachment":[{"href":"https:\/\/datorhjalp.se\/huddinge\/wp-json\/wp\/v2\/media?parent=8"}],"curies":[{"name":"wp","href":"https:\/\/api.w.org\/{rel}","templated":true}]}}