{"id":1226,"date":"2016-01-02T15:39:53","date_gmt":"2016-01-02T14:39:53","guid":{"rendered":"https:\/\/datorhjalp.se\/karta\/?page_id=1226"},"modified":"2016-01-02T15:41:27","modified_gmt":"2016-01-02T14:41:27","slug":"datorhjalp-stockholm","status":"publish","type":"page","link":"https:\/\/datorhjalp.se\/karta\/datorhjalp-stockholm\/","title":{"rendered":"Datorhj\u00e4lp Stockholm"},"content":{"rendered":"<h1>Datorhj\u00e4lp Stockholm<\/h1>\n<p>Datorhj\u00e4lp i Stockholm AB<br \/>\nOrrspelsv\u00e4gen 13<br \/>\n167 66 BROMMA<\/p>\n<p><a href=\"mailto:info@datorhjalp.se\">Info@datorhjalp.se<\/a><\/p>\n<p>Telefon <a href=\"tel:+468372100\">08 37 21 00<\/a> eller SMS <a href=\"tel:+46765867000\">076 58 67 000<\/a><\/p>\n","protected":false},"excerpt":{"rendered":"<p>Datorhj\u00e4lp Stockholm Datorhj\u00e4lp i Stockholm AB Orrspelsv\u00e4gen 13 167 66 BROMMA Info@datorhjalp.se Telefon 08 37 21 00 eller SMS 076 58 67 000<\/p>\n","protected":false},"author":1,"featured_media":0,"parent":0,"menu_order":0,"comment_status":"closed","ping_status":"closed","template":"","meta":{"footnotes":""},"class_list":["post-1226","page","type-page","status-publish","hentry"],"_links":{"self":[{"href":"https:\/\/datorhjalp.se\/karta\/wp-json\/wp\/v2\/pages\/1226","targetHints":{"allow":["GET"]}}],"collection":[{"href":"https:\/\/datorhjalp.se\/karta\/wp-json\/wp\/v2\/pages"}],"about":[{"href":"https:\/\/datorhjalp.se\/karta\/wp-json\/wp\/v2\/types\/page"}],"author":[{"embeddable":true,"href":"https:\/\/datorhjalp.se\/karta\/wp-json\/wp\/v2\/users\/1"}],"replies":[{"embeddable":true,"href":"https:\/\/datorhjalp.se\/karta\/wp-json\/wp\/v2\/comments?post=1226"}],"version-history":[{"count":1,"href":"https:\/\/datorhjalp.se\/karta\/wp-json\/wp\/v2\/pages\/1226\/revisions"}],"predecessor-version":[{"id":1228,"href":"https:\/\/datorhjalp.se\/karta\/wp-json\/wp\/v2\/pages\/1226\/revisions\/1228"}],"wp:attachment":[{"href":"https:\/\/datorhjalp.se\/karta\/wp-json\/wp\/v2\/media?parent=1226"}],"curies":[{"name":"wp","href":"https:\/\/api.w.org\/{rel}","templated":true}]}}