{"id":46,"date":"2013-01-14T08:03:42","date_gmt":"2013-01-14T07:03:42","guid":{"rendered":"https:\/\/datorhjalp.se\/karta\/?page_id=46"},"modified":"2018-02-12T09:08:01","modified_gmt":"2018-02-12T08:08:01","slug":"datorservice-datorhjalp","status":"publish","type":"page","link":"https:\/\/datorhjalp.se\/karta\/","title":{"rendered":"S\u00e5 h\u00e4r hittar Ni till Datorhj\u00e4lp p\u00e5 Orrspelsv\u00e4gen 13, Bromma"},"content":{"rendered":"<figure id=\"attachment_1504\" aria-describedby=\"caption-attachment-1504\" style=\"width: 367px\" class=\"wp-caption alignright\"><a href=\"https:\/\/datorhjalp.se\/karta\/datorservice-datorhjalp\/datorhjalp-karta-frontsida\/\" rel=\"attachment wp-att-1504\"><img loading=\"lazy\" decoding=\"async\" class=\" wp-image-1504\" src=\"https:\/\/datorhjalp.se\/karta\/wp-content\/uploads\/2013\/01\/datorhjalp-karta-frontsida.jpg\" alt=\"Datorhj\u00e4lp\" width=\"367\" height=\"143\" \/><\/a><figcaption id=\"caption-attachment-1504\" class=\"wp-caption-text\">Datorhj\u00e4lps servicebutik p\u00e5 Orrspelsv\u00e4gen 13, Bromma<\/figcaption><\/figure>\n<p><strong>S\u00e5 h\u00e4r hittar Ni till Datorhj\u00e4lp och Datorservice Stockholm<\/strong><\/p>\n<p>Detta \u00e4r Datorhj\u00e4lp.se , kart webbplats f\u00f6r att g\u00f6ra de l\u00e4ttare f\u00f6r Er att hitta till oss. Vi har v\u00e5r butik \/ verkstad p\u00e5 Orrspelsv\u00e4gen 13 ( Bromma) , intill Sp\u00e5rvagns h\u00e5llplatsen \u00c5lstens g\u00e5rd.<\/p>\n<p><span style=\"text-decoration: underline;\"><strong>\u00c5ka kollektivtrafik till Orrspelsv\u00e4gen 13<br \/>\n<\/strong><\/span>Ta sp\u00e5rvagn 12 ifr\u00e5n Alvik till \u00c5lstens g\u00e5rd. V\u00e5rt &#8221;hus&#8221; ligger p\u00e5 h\u00f6ger sida om Sp\u00e5rv\u00e4gs h\u00e5llplatsen i f\u00e4rdriktning emot Nockeby.<\/p>\n<p>&nbsp;<\/p>\n<p><span style=\"text-decoration: underline;\"><strong><a title=\"S\u00e5 h\u00e4r hittar du till Datorhj\u00e4lp ifr\u00e5n Rissne Tunnelbannestation\" href=\"https:\/\/datorhjalp.se\/karta\/datorhjalp-rissn\/\" rel=\"attachment wp-att-486\"><img loading=\"lazy\" decoding=\"async\" class=\" wp-image-486 alignleft\" title=\"Tunnelbana\" src=\"https:\/\/datorhjalp.se\/karta\/wp-content\/uploads\/2013\/01\/tban.jpg\" alt=\"tban\" width=\"99\" height=\"87\" \/><\/a>N\u00e4rmaste Tunnelbanestation \u00e4r Alvik.<br \/>\n<\/strong><\/span>\u00c5k till Alvik Tunnelbanestation p\u00e5 samma plattform avg\u00e5r sp\u00e5rvagn nr 12 . G\u00e5 av vid \u00c5lstens g\u00e5rd. <a href=\"https:\/\/datorhjalp.se\/karta\/datorservice-datorhjalp\/alstensgard\/\" rel=\"attachment wp-att-533\"><img loading=\"lazy\" decoding=\"async\" class=\"size-medium wp-image-533 alignright\" src=\"https:\/\/datorhjalp.se\/karta\/wp-content\/uploads\/2013\/01\/alstensgard-300x93.jpg\" alt=\"\u00c5lstens g\u00e5rd\" width=\"200\" height=\"62\" srcset=\"https:\/\/datorhjalp.se\/karta\/wp-content\/uploads\/2013\/01\/alstensgard-300x93.jpg 300w, https:\/\/datorhjalp.se\/karta\/wp-content\/uploads\/2013\/01\/alstensgard.jpg 600w\" sizes=\"auto, (max-width: 200px) 85vw, 200px\" \/><\/a><\/p>\n<p>&nbsp;<\/p>\n<p><a href=\"https:\/\/datorhjalp.se\/karta\/sundbybergs-centrum\/tvarbana\/\" rel=\"attachment wp-att-1488\"><img loading=\"lazy\" decoding=\"async\" class=\"wp-image-1488 alignleft\" src=\"https:\/\/datorhjalp.se\/karta\/wp-content\/uploads\/2015\/12\/tvarbana.jpg\" alt=\"tvarbana\" width=\"144\" height=\"43\" \/><\/a>S\u00e5 skall du t.ex \u00e5ka ifr\u00e5n <a href=\"https:\/\/datorhjalp.se\/karta\/sundbyberg\/\">Sundbyberg<\/a> eller <a href=\"https:\/\/datorhjalp.se\/karta\/solna\/\">Solna<\/a> till Datorhj\u00e4lp s\u00e5 tar du tv\u00e4rbana ifr\u00e5n <a href=\"https:\/\/datorhjalp.se\/karta\/solna-centrum\/\">Solna Centrum<\/a> eller <a href=\"https:\/\/datorhjalp.se\/karta\/sundbybergs-centrum\/\">Sundbyberg Centrum<\/a><\/p>\n<p>Skall du \u00e5ka ifr\u00e5n t.ex fr\u00e5n <a href=\"https:\/\/datorhjalp.se\/karta\/brommaplan\/\">Brommaplan<\/a>, <a href=\"https:\/\/datorhjalp.se\/karta\/blackeberg\/\">Blackeberg<\/a>, \u00a0<a href=\"https:\/\/datorhjalp.se\/karta\/hasselby\/\">H\u00e4sselby<\/a> eller <a href=\"https:\/\/datorhjalp.se\/karta\/vallingby\">V\u00e4llingby<\/a>\u00a0 s\u00e5 tar Ni bara tunnelbana till <a href=\"https:\/\/datorhjalp.se\/karta\/alvik\/\">Alvik<\/a>,\u00a0 Nockeby banan g\u00e5r ifr\u00e5n samma plattform som Tunnelbana g\u00f6r.<\/p>\n<p>\u00c5ker du kollektivtrafik ifr\u00e5n <a href=\"https:\/\/datorhjalp.se\/karta\/ekero\/\">Eker\u00f6<\/a>, s\u00e5 stiger du av vid bussh\u00e5llplats Nockeby och sedan g\u00e5r Ni upp till Nockeby banan, detta alternativ passar \u00e4ven dej som kommer ifr\u00e5n <a href=\"https:\/\/datorhjalp.se\/karta\/morby-centrum\/\">M\u00f6rby Centrum<\/a> , <a href=\"https:\/\/datorhjalp.se\/karta\/danderyds-sjukhus\/\">Danderyd sjukhus<\/a> eller <a href=\"https:\/\/datorhjalp.se\/karta\/solna\">Solna<\/a> om du \u00e5ker buss 177 emot <a href=\"https:\/\/datorhjalp.se\/karta\/stenhamra\/\">Stenhamrar<\/a> \/ Eker\u00f6.<\/p>\n<p><strong>Fordons transport<\/strong><\/p>\n<p>Enklast \u00e4r \u00e5ka in vid <a href=\"https:\/\/datorhjalp.se\/karta\/abrahamsberg\/\">Abrahamsberg<\/a> och sedan \u00e5ka rakt fram , s\u00e5 kommer ner till \u00c5lstens G\u00e5rds sp\u00e5rv\u00e4gsh\u00e5llplats, s\u00e5 kommer man t.ex ifr\u00e5n <a href=\"https:\/\/datorhjalp.se\/karta\/solna\/\">Solna<\/a> \/ <a href=\"https:\/\/datorhjalp.se\/karta\/sundbyberg\">Sundbyberg<\/a> s\u00e5 sv\u00e4nger man av vid ifr\u00e5n Kvarnbacksv\u00e4gen ( Riktpunkt i terr\u00e4ngen \u00e4r en v\u00e4derkvarnen ) Hemsl\u00f6jdsv\u00e4gen och sedan \u00e5ker man fram, d\u00e5 slipper man kaoset vid <a href=\"https:\/\/datorhjalp.se\/karta\/brommaplan\">Brommaplan<\/a>.<\/p>\n<p>Kommer fr\u00e5n \u00f6ver tranebergsbron, s\u00e5 f\u00f6ljer man skyltningen \u00c4ppelviken och \u00c5lsten. \u00c5ker Alviksv\u00e4gen rakt fram till man kommer fram till \u00c5lstensgatan , sv\u00e4nger upp \u00c5lstesngatan och sedan Gladbacken.<\/p>\n<figure id=\"attachment_1506\" aria-describedby=\"caption-attachment-1506\" style=\"width: 1398px\" class=\"wp-caption alignnone\"><a href=\"https:\/\/datorhjalp.se\/karta\/datorservice-datorhjalp\/ingang-datorhjalp-front-kartweb\/\" rel=\"attachment wp-att-1506\"><img loading=\"lazy\" decoding=\"async\" class=\"wp-image-1506 size-full\" src=\"https:\/\/datorhjalp.se\/karta\/wp-content\/uploads\/2013\/01\/ingang-datorhjalp-front-kartweb.jpg\" alt=\"Datorhj\u00e4lp ing\u00e5ng Orrspelsv\u00e4gen\" width=\"1398\" height=\"912\" \/><\/a><figcaption id=\"caption-attachment-1506\" class=\"wp-caption-text\">S\u00e5 h\u00e4r ser ing\u00e5ngen till Datrohj\u00e4lp servicebutik ut.<\/figcaption><\/figure>\n","protected":false},"excerpt":{"rendered":"<p>S\u00e5 h\u00e4r hittar Ni till Datorhj\u00e4lp och Datorservice Stockholm Detta \u00e4r Datorhj\u00e4lp.se , kart webbplats f\u00f6r att g\u00f6ra de l\u00e4ttare f\u00f6r Er att hitta till oss. Vi har v\u00e5r butik \/ verkstad p\u00e5 Orrspelsv\u00e4gen 13 ( Bromma) , intill Sp\u00e5rvagns h\u00e5llplatsen \u00c5lstens g\u00e5rd. \u00c5ka kollektivtrafik till Orrspelsv\u00e4gen 13 Ta sp\u00e5rvagn 12 ifr\u00e5n Alvik till \u00c5lstens &hellip; <a href=\"https:\/\/datorhjalp.se\/karta\/\" class=\"more-link\">Forts\u00e4tt l\u00e4sa<span class=\"screen-reader-text\"> &#8221;S\u00e5 h\u00e4r hittar Ni till Datorhj\u00e4lp p\u00e5 Orrspelsv\u00e4gen 13, Bromma&#8221;<\/span><\/a><\/p>\n","protected":false},"author":1,"featured_media":0,"parent":0,"menu_order":0,"comment_status":"closed","ping_status":"closed","template":"","meta":{"footnotes":""},"class_list":["post-46","page","type-page","status-publish","hentry"],"_links":{"self":[{"href":"https:\/\/datorhjalp.se\/karta\/wp-json\/wp\/v2\/pages\/46","targetHints":{"allow":["GET"]}}],"collection":[{"href":"https:\/\/datorhjalp.se\/karta\/wp-json\/wp\/v2\/pages"}],"about":[{"href":"https:\/\/datorhjalp.se\/karta\/wp-json\/wp\/v2\/types\/page"}],"author":[{"embeddable":true,"href":"https:\/\/datorhjalp.se\/karta\/wp-json\/wp\/v2\/users\/1"}],"replies":[{"embeddable":true,"href":"https:\/\/datorhjalp.se\/karta\/wp-json\/wp\/v2\/comments?post=46"}],"version-history":[{"count":53,"href":"https:\/\/datorhjalp.se\/karta\/wp-json\/wp\/v2\/pages\/46\/revisions"}],"predecessor-version":[{"id":1574,"href":"https:\/\/datorhjalp.se\/karta\/wp-json\/wp\/v2\/pages\/46\/revisions\/1574"}],"wp:attachment":[{"href":"https:\/\/datorhjalp.se\/karta\/wp-json\/wp\/v2\/media?parent=46"}],"curies":[{"name":"wp","href":"https:\/\/api.w.org\/{rel}","templated":true}]}}