{"id":1016,"date":"2024-11-23T08:27:01","date_gmt":"2024-11-23T07:27:01","guid":{"rendered":"https:\/\/datorhjalp.se\/web\/?page_id=1016"},"modified":"2024-11-23T08:32:46","modified_gmt":"2024-11-23T07:32:46","slug":"digital-dorrskylt-for-smaforetagare","status":"publish","type":"page","link":"https:\/\/datorhjalp.se\/web\/digital-dorrskylt-for-smaforetagare\/","title":{"rendered":"Digital D\u00f6rrskylt f\u00f6r Sm\u00e5f\u00f6retagare"},"content":{"rendered":"\n<figure class=\"wp-block-image size-full\"><img loading=\"lazy\" decoding=\"async\" width=\"1024\" height=\"473\" src=\"https:\/\/datorhjalp.se\/web\/wp-content\/uploads\/2024\/11\/image.png\" alt=\"\" class=\"wp-image-1017\" srcset=\"https:\/\/datorhjalp.se\/web\/wp-content\/uploads\/2024\/11\/image.png 1024w, https:\/\/datorhjalp.se\/web\/wp-content\/uploads\/2024\/11\/image-300x139.png 300w, https:\/\/datorhjalp.se\/web\/wp-content\/uploads\/2024\/11\/image-768x355.png 768w\" sizes=\"auto, (max-width: 1024px) 100vw, 1024px\" \/><figcaption class=\"wp-element-caption\">Exempel p\u00e5 datorhj\u00e4lp d\u00f6rrskylt.<\/figcaption><\/figure>\n\n\n\n<p><strong>\u00c4r du sm\u00e5f\u00f6retagare som ibland eller dina anst\u00e4llda blir sjuka?<\/strong><\/p>\n\n\n\n<p>Att driva en liten butik inneb\u00e4r ofta ov\u00e4ntade utmaningar. Det viktigaste \u00e4r att kunna informera dina kunder snabbt n\u00e4r f\u00f6r\u00e4ndringar sker. Med Datorhj\u00e4lps digitala d\u00f6rrskyltssystem f\u00e5r du samma uppdaterade information p\u00e5 din hemsida som p\u00e5 d\u00f6rrskylten i din aff\u00e4rslokal.<\/p>\n\n\n\n<h4 class=\"wp-block-heading\"><strong>Varf\u00f6r v\u00e4lja v\u00e5r digitalaskylt?<\/strong><\/h4>\n\n\n\n<ul class=\"wp-block-list\">\n<li><strong>100% \u00d6ppen K\u00e4llkod<\/strong>\n<ul class=\"wp-block-list\">\n<li>Enkel att uppgradera och f\u00f6rb\u00e4ttra.<\/li>\n\n\n\n<li>Ingen slutdatum f\u00f6r produkten n\u00e4r det g\u00e4ller mjukvara.<\/li>\n<\/ul>\n<\/li>\n\n\n\n<li><strong>Kostnadseffektiv<\/strong>\n<ul class=\"wp-block-list\">\n<li>Byggd p\u00e5 standardkomponenter som h\u00e5ller kostnaderna nere.<\/li>\n<\/ul>\n<\/li>\n\n\n\n<li><strong>Molnbaserad<\/strong>\n<ul class=\"wp-block-list\">\n<li>N\u00e4r du updatera d\u00f6rrskylten hemsida , s\u00e5 updateras d\u00f6rrskylten n\u00e5gon minute senare. <\/li>\n\n\n\n<li>Kr\u00e4ver endast str\u00f6m, internetuppkoppling  i aff\u00e4rslokalen. Och du beh\u00f6ver ha ett webhotell f\u00f6r d\u00f6rrskyltens hemsida. Du kan troligen anv\u00e4nda din aff\u00e4rsverksamhet hemsida f\u00f6r detta.<\/li>\n<\/ul>\n<\/li>\n\n\n\n<li><strong>Inga Licenskostnader<\/strong>\n<ul class=\"wp-block-list\">\n<li>100% fri mjukvara utan l\u00f6pande kostnader.<\/li>\n<\/ul>\n<\/li>\n<\/ul>\n\n\n\n<h4 class=\"wp-block-heading\"><strong>Detta ing\u00e5r i priset:<\/strong><\/h4>\n\n\n\n<ul class=\"wp-block-list\">\n<li><strong>En 17\u201d Sk\u00e4rm , Dator<\/strong> <strong>och Chassi<\/strong> s\u00e5 den kan f\u00e4stas p\u00e5 f\u00f6nster till aff\u00e4rsslokalen. \n<ul class=\"wp-block-list\">\n<li>F\u00e4rdigkonfigurerad och redo att anv\u00e4nda.<\/li>\n<\/ul>\n<\/li>\n\n\n\n<li><strong>Teknisk Support och Mjukvaruinstallation<\/strong>\n<ul class=\"wp-block-list\">\n<li>Vi hj\u00e4lper dig att komma ig\u00e5ng snabbt och enkelt.<\/li>\n<\/ul>\n<\/li>\n<\/ul>\n\n\n\n<h4 class=\"wp-block-heading\"><strong>Detta ing\u00e5r inte i Priset<\/strong><\/h4>\n\n\n\n<ul class=\"wp-block-list\">\n<li><strong>Installation i Aff\u00e4rslokalen<\/strong>\n<ul class=\"wp-block-list\">\n<li>Installationen sker p\u00e5 plats och kan anpassas efter dina behov.<\/li>\n<\/ul>\n<\/li>\n<\/ul>\n\n\n\n<h4 class=\"wp-block-heading\"><strong>Pris: Fr\u00e5n 5\u202f995:- + Moms<\/strong><\/h4>\n\n\n\n<p>F\u00f6r mer information eller fr\u00e5gor, skicka ett mejl till: <a>kontakt@datorhjalp.se<\/a><\/p>\n","protected":false},"excerpt":{"rendered":"<p>\u00c4r du sm\u00e5f\u00f6retagare som ibland eller dina anst\u00e4llda blir sjuka? Att driva en liten butik inneb\u00e4r ofta ov\u00e4ntade utmaningar. Det viktigaste \u00e4r att kunna informera dina kunder snabbt n\u00e4r f\u00f6r\u00e4ndringar sker. Med Datorhj\u00e4lps digitala d\u00f6rrskyltssystem f\u00e5r du samma uppdaterade information p\u00e5 din hemsida som p\u00e5 d\u00f6rrskylten i din aff\u00e4rslokal. Varf\u00f6r v\u00e4lja v\u00e5r digitalaskylt? Detta ing\u00e5r [&hellip;]<\/p>\n","protected":false},"author":1,"featured_media":0,"parent":0,"menu_order":0,"comment_status":"closed","ping_status":"closed","template":"","meta":{"footnotes":""},"class_list":["post-1016","page","type-page","status-publish","hentry"],"_links":{"self":[{"href":"https:\/\/datorhjalp.se\/web\/wp-json\/wp\/v2\/pages\/1016","targetHints":{"allow":["GET"]}}],"collection":[{"href":"https:\/\/datorhjalp.se\/web\/wp-json\/wp\/v2\/pages"}],"about":[{"href":"https:\/\/datorhjalp.se\/web\/wp-json\/wp\/v2\/types\/page"}],"author":[{"embeddable":true,"href":"https:\/\/datorhjalp.se\/web\/wp-json\/wp\/v2\/users\/1"}],"replies":[{"embeddable":true,"href":"https:\/\/datorhjalp.se\/web\/wp-json\/wp\/v2\/comments?post=1016"}],"version-history":[{"count":2,"href":"https:\/\/datorhjalp.se\/web\/wp-json\/wp\/v2\/pages\/1016\/revisions"}],"predecessor-version":[{"id":1020,"href":"https:\/\/datorhjalp.se\/web\/wp-json\/wp\/v2\/pages\/1016\/revisions\/1020"}],"wp:attachment":[{"href":"https:\/\/datorhjalp.se\/web\/wp-json\/wp\/v2\/media?parent=1016"}],"curies":[{"name":"wp","href":"https:\/\/api.w.org\/{rel}","templated":true}]}}