{"id":1250,"date":"2025-07-12T17:05:37","date_gmt":"2025-07-12T15:05:37","guid":{"rendered":"https:\/\/datorhjalp.se\/web\/?page_id=1250"},"modified":"2025-07-12T17:14:01","modified_gmt":"2025-07-12T15:14:01","slug":"sa-laddar-du-ner-teamviewer-till-din-dator","status":"publish","type":"page","link":"https:\/\/datorhjalp.se\/web\/sa-laddar-du-ner-teamviewer-till-din-dator\/","title":{"rendered":"S\u00e5 laddar du ner TeamViewer till din dator"},"content":{"rendered":"\n<p>H\u00e4r hittar du en enkel steg-f\u00f6r-steg-guide f\u00f6r hur du laddar ner och installerar TeamViewer p\u00e5 din Windows- eller Mac-dator<\/p>\n\n\n\n<h5 class=\"wp-block-heading\">S\u00e5 h\u00e4r f\u00e5r du hj\u00e4lp online via TeamViewer:<\/h5>\n\n\n\n<ol class=\"wp-block-list\">\n<li><strong>\u00d6ppna din webbl\u00e4sare<\/strong> (t.ex. Chrome, Firefox, Safari eller Edge).<\/li>\n\n\n\n<li><strong>G\u00e5 till webbsidan:<\/strong> <a href=\"https:\/\/datorhjalp.se\/\">https:\/\/datorhjalp.se<\/a><\/li>\n\n\n\n<li>Klicka p\u00e5 menyn <strong>Tj\u00e4nster<\/strong> och v\u00e4lj <strong>Datorhj\u00e4lp online<\/strong>.<\/li>\n\n\n\n<li>P\u00e5 sidan som \u00f6ppnas, klicka p\u00e5 knappen eller l\u00e4nken f\u00f6r att <strong>ladda ner programmet<\/strong>.<\/li>\n<\/ol>\n\n\n\n<h5 class=\"wp-block-heading\"><strong>F\u00f6r Windows-anv\u00e4ndare:<\/strong><\/h5>\n\n\n\n<ol start=\"5\" class=\"wp-block-list\">\n<li>N\u00e4r nedladdningen \u00e4r klar, <strong>\u00f6ppna filen<\/strong> (du hittar den ofta l\u00e4ngst ner i webbl\u00e4saren eller i mappen <strong>H\u00e4mtade filer<\/strong>).<\/li>\n\n\n\n<li>F\u00f6lj instruktionerna p\u00e5 sk\u00e4rmen f\u00f6r att <strong>k\u00f6ra och till\u00e5ta programmet<\/strong>.<\/li>\n\n\n\n<li>Klart! Nu \u00e4r du redo att f\u00e5 hj\u00e4lp online via TeamViewer.<\/li>\n<\/ol>\n\n\n\n<h5 class=\"wp-block-heading\"><strong>F\u00f6r Mac-anv\u00e4ndare:<\/strong><\/h5>\n\n\n\n<ol start=\"5\" class=\"wp-block-list\">\n<li>N\u00e4r nedladdningen \u00e4r klar, \u00f6ppna <code>.dmg<\/code>-filen (oftast i <strong>H\u00e4mtade filer<\/strong>).<\/li>\n\n\n\n<li>Dubbelklicka p\u00e5 TeamViewer-ikonen f\u00f6r att starta installationen.<\/li>\n\n\n\n<li><strong>Dra TeamViewer till mappen Program<\/strong> om du blir ombedd.<\/li>\n\n\n\n<li>\u00d6ppna TeamViewer fr\u00e5n <strong>Program<\/strong>-mappen.<\/li>\n\n\n\n<li>F\u00f6rsta g\u00e5ngen du startar programmet kan du beh\u00f6va <strong>godk\u00e4nna s\u00e4kerhetsinst\u00e4llningar<\/strong>:\n<ul class=\"wp-block-list\">\n<li>G\u00e5 till <strong>Systeminst\u00e4llningar &gt; S\u00e4kerhet och integritet<\/strong>.<\/li>\n\n\n\n<li>Klicka p\u00e5 <strong>L\u00e5s upp<\/strong>-ikonen l\u00e4ngst ner till v\u00e4nster och ange ditt Mac-l\u00f6senord.<\/li>\n\n\n\n<li>Under fliken <strong>Integritet<\/strong>, ge TeamViewer tillg\u00e5ng till <strong>Sk\u00e4rminspelning<\/strong>, <strong>\u00c5tkomst f\u00f6r hj\u00e4lpmedel<\/strong>, och ev. <strong>Fullst\u00e4ndig skiv\u00e5tkomst<\/strong>.<\/li>\n<\/ul>\n<\/li>\n\n\n\n<li>N\u00e4r detta \u00e4r klart \u00e4r du redo att f\u00e5 hj\u00e4lp online via TeamViewer.<\/li>\n<\/ol>\n","protected":false},"excerpt":{"rendered":"<p>H\u00e4r hittar du en enkel steg-f\u00f6r-steg-guide f\u00f6r hur du laddar ner och installerar TeamViewer p\u00e5 din Windows- eller Mac-dator S\u00e5 h\u00e4r f\u00e5r du hj\u00e4lp online via TeamViewer: F\u00f6r Windows-anv\u00e4ndare: F\u00f6r Mac-anv\u00e4ndare:<\/p>\n","protected":false},"author":1,"featured_media":0,"parent":0,"menu_order":0,"comment_status":"closed","ping_status":"closed","template":"","meta":{"footnotes":""},"class_list":["post-1250","page","type-page","status-publish","hentry"],"_links":{"self":[{"href":"https:\/\/datorhjalp.se\/web\/wp-json\/wp\/v2\/pages\/1250","targetHints":{"allow":["GET"]}}],"collection":[{"href":"https:\/\/datorhjalp.se\/web\/wp-json\/wp\/v2\/pages"}],"about":[{"href":"https:\/\/datorhjalp.se\/web\/wp-json\/wp\/v2\/types\/page"}],"author":[{"embeddable":true,"href":"https:\/\/datorhjalp.se\/web\/wp-json\/wp\/v2\/users\/1"}],"replies":[{"embeddable":true,"href":"https:\/\/datorhjalp.se\/web\/wp-json\/wp\/v2\/comments?post=1250"}],"version-history":[{"count":2,"href":"https:\/\/datorhjalp.se\/web\/wp-json\/wp\/v2\/pages\/1250\/revisions"}],"predecessor-version":[{"id":1255,"href":"https:\/\/datorhjalp.se\/web\/wp-json\/wp\/v2\/pages\/1250\/revisions\/1255"}],"wp:attachment":[{"href":"https:\/\/datorhjalp.se\/web\/wp-json\/wp\/v2\/media?parent=1250"}],"curies":[{"name":"wp","href":"https:\/\/api.w.org\/{rel}","templated":true}]}}