{"id":1306,"date":"2025-09-24T06:36:55","date_gmt":"2025-09-24T04:36:55","guid":{"rendered":"https:\/\/datorhjalp.se\/web\/?page_id=1306"},"modified":"2025-09-24T06:51:53","modified_gmt":"2025-09-24T04:51:53","slug":"pratik-hos-datorhjalp","status":"publish","type":"page","link":"https:\/\/datorhjalp.se\/web\/pratik-hos-datorhjalp\/","title":{"rendered":"Pratik hos Datorhj\u00e4lp"},"content":{"rendered":"\n<h1 class=\"wp-block-heading\">Praktik<\/h1>\n\n\n\n<p><strong><em>Att g\u00f6ra praktik hos oss inneb\u00e4r inte att koka kaffe eller st\u00e5 bredvid och titta p\u00e5.<br>Vi tar bara emot praktikanter n\u00e4r det finns ett genuint intresse f\u00f6r datorer och teknik \u2013 g\u00e4rna med en n\u00f6rdig twist.<br>Om du brinner f\u00f6r UNIX, retrodatorer eller vill l\u00e4ra dig grunderna i datormek, d\u00e5 kan vi vara r\u00e4tt plats f\u00f6r dig.<\/em><\/strong><\/p>\n\n\n\n<p>Vi f\u00e5r regelbundet f\u00f6rfr\u00e5gningar om praktikplatser. I nul\u00e4get har vi begr\u00e4nsade resurser och kan d\u00e4rf\u00f6r inte erbjuda l\u00e4ngre praktikperioder, s\u00e5som hela terminer, p\u00e5 ett meningsfullt s\u00e4tt.<\/p>\n\n\n\n<p>Vi har inte heller m\u00f6jlighet att vara delaktiga i arbetsmarknadspolitiska \u00e5tg\u00e4rder.<\/p>\n\n\n\n<h3 class=\"wp-block-heading\">Undantag kan dock g\u00f6ras<\/h3>\n\n\n\n<p>Har du ett genuint intresse f\u00f6r datorer och teknik, exempelvis goda kunskaper i UNIX, eller om du vet hur man pressar ut det mesta ur ett SID-chip i en Commodore 64 med hj\u00e4lp av 6502-assembler, d\u00e5 \u00e4r vi nyfikna p\u00e5 att h\u00f6ra fr\u00e5n dig.<\/p>\n\n\n\n<h3 class=\"wp-block-heading\">Praktisk arbetslivsorientering (PRAO)<\/h3>\n\n\n\n<p>Vi \u00e4r positiva till att ta emot elever fr\u00e5n skolor l\u00e4ngs Tolvan eller i Bromma f\u00f6r en PRAO-period. Under en vecka (maximalt tv\u00e5 veckor) f\u00e5r du prova p\u00e5 enklare datormek, som att plocka is\u00e4r en dator och installera olika operativsystem \u2013 till exempel <em>FreeBSD<\/em>, <em>Ubuntu<\/em> eller <em>Windows<\/em>.<\/p>\n\n\n\n<p>Om du k\u00e4nner att du passar in i ovanst\u00e5ende beskrivning \u00e4r du v\u00e4lkommen att skicka ett mejl till <strong><a href=\"mailto:info@datorhjalp.se\" class=\"aioseop-link\">info@datorhjalp.se<\/a><\/strong>.<br>Ber\u00e4tta g\u00e4rna lite om dig sj\u00e4lv och vad du har f\u00f6r intressen.<\/p>\n","protected":false},"excerpt":{"rendered":"<p>Praktik Att g\u00f6ra praktik hos oss inneb\u00e4r inte att koka kaffe eller st\u00e5 bredvid och titta p\u00e5.Vi tar bara emot praktikanter n\u00e4r det finns ett genuint intresse f\u00f6r datorer och teknik \u2013 g\u00e4rna med en n\u00f6rdig twist.Om du brinner f\u00f6r UNIX, retrodatorer eller vill l\u00e4ra dig grunderna i datormek, d\u00e5 kan vi vara r\u00e4tt plats [&hellip;]<\/p>\n","protected":false},"author":1,"featured_media":0,"parent":0,"menu_order":0,"comment_status":"closed","ping_status":"closed","template":"","meta":{"footnotes":""},"class_list":["post-1306","page","type-page","status-publish","hentry"],"_links":{"self":[{"href":"https:\/\/datorhjalp.se\/web\/wp-json\/wp\/v2\/pages\/1306","targetHints":{"allow":["GET"]}}],"collection":[{"href":"https:\/\/datorhjalp.se\/web\/wp-json\/wp\/v2\/pages"}],"about":[{"href":"https:\/\/datorhjalp.se\/web\/wp-json\/wp\/v2\/types\/page"}],"author":[{"embeddable":true,"href":"https:\/\/datorhjalp.se\/web\/wp-json\/wp\/v2\/users\/1"}],"replies":[{"embeddable":true,"href":"https:\/\/datorhjalp.se\/web\/wp-json\/wp\/v2\/comments?post=1306"}],"version-history":[{"count":2,"href":"https:\/\/datorhjalp.se\/web\/wp-json\/wp\/v2\/pages\/1306\/revisions"}],"predecessor-version":[{"id":1311,"href":"https:\/\/datorhjalp.se\/web\/wp-json\/wp\/v2\/pages\/1306\/revisions\/1311"}],"wp:attachment":[{"href":"https:\/\/datorhjalp.se\/web\/wp-json\/wp\/v2\/media?parent=1306"}],"curies":[{"name":"wp","href":"https:\/\/api.w.org\/{rel}","templated":true}]}}