{"id":138,"date":"2023-01-05T09:01:33","date_gmt":"2023-01-05T08:01:33","guid":{"rendered":"https:\/\/datorhjalp.se\/web\/?page_id=138"},"modified":"2026-02-20T09:13:15","modified_gmt":"2026-02-20T08:13:15","slug":"om-datorhjalp","status":"publish","type":"page","link":"https:\/\/datorhjalp.se\/web\/om-datorhjalp\/","title":{"rendered":"Om Datorhj\u00e4lp"},"content":{"rendered":"\n<figure class=\"wp-block-image size-large\"><img loading=\"lazy\" decoding=\"async\" width=\"1024\" height=\"362\" src=\"https:\/\/datorhjalp.se\/web\/wp-content\/uploads\/2022\/12\/datorhjalp-stockholm-farsta-1024x362.jpg\" alt=\"Datorhj\u00e4lp Stockholm\" class=\"wp-image-25\" srcset=\"https:\/\/datorhjalp.se\/web\/wp-content\/uploads\/2022\/12\/datorhjalp-stockholm-farsta-1024x362.jpg 1024w, https:\/\/datorhjalp.se\/web\/wp-content\/uploads\/2022\/12\/datorhjalp-stockholm-farsta-300x106.jpg 300w, https:\/\/datorhjalp.se\/web\/wp-content\/uploads\/2022\/12\/datorhjalp-stockholm-farsta-768x271.jpg 768w, https:\/\/datorhjalp.se\/web\/wp-content\/uploads\/2022\/12\/datorhjalp-stockholm-farsta-1536x543.jpg 1536w, https:\/\/datorhjalp.se\/web\/wp-content\/uploads\/2022\/12\/datorhjalp-stockholm-farsta-2048x724.jpg 2048w\" sizes=\"auto, (max-width: 1024px) 100vw, 1024px\" \/><figcaption class=\"wp-element-caption\">Datorhj\u00e4lp Stockholm AB ligger p\u00e5<a href=\"https:\/\/datorhjalp.se\/karta\/\"> Orrspelsv\u00e4gen 13, Bromma<\/a><\/figcaption><\/figure>\n\n\n\n<h3 class=\"wp-block-heading\">Om Datorhj\u00e4lp i Stockholm AB<\/h3>\n\n\n\n<p><strong>Datorhj\u00e4lp startades 2012<\/strong> och de f\u00f6rsta \u00e5ren h\u00f6ll vi till i en nedlagd serverhall p\u00e5 Sulkyv\u00e4gen 19 (Solvalla).<br>\u00c5r 2014 flyttade vi till v\u00e5ra nuvarande lokaler p\u00e5 <strong>Orrspelsv\u00e4gen 13 i Bromma<\/strong>, precis vid sp\u00e5rvagnsh\u00e5llplatsen <em>\u00c5lstens g\u00e5rd<\/em>.<\/p>\n\n\n\n<h3 class=\"wp-block-heading\">Vad vi g\u00f6r<\/h3>\n\n\n\n<p>Vi hj\u00e4lper b\u00e5de privatpersoner och sm\u00e5f\u00f6retag med alla typer av IT-problem och utf\u00f6r \u00e4ven datorreparationer.<\/p>\n\n\n\n<p>En av v\u00e5ra mest uppskattade tj\u00e4nster \u00e4r <strong><a href=\"https:\/\/datorhjalp.se\/web\/datorhjalp-hemma\/\" class=\"aioseop-link\">Datorhj\u00e4lp Hemma<\/a><\/strong> \u2013 d\u00e4r vi kommer hem till dig och hj\u00e4lper dig p\u00e5 plats. Tack vare <strong>RUT-avdraget<\/strong> blir kostnaden rimlig och tillg\u00e4nglig f\u00f6r de flesta.<\/p>\n\n\n\n<p>I v\u00e5r servicebutik i Bromma kan du l\u00e4mna in din dator f\u00f6r reparation eller f\u00e5 snabb support direkt \u00f6ver disk. Vi l\u00f6ser ofta problem som de stora kedjorna inte har tid eller m\u00f6jlighet att ta hand om.<\/p>\n\n\n\n<p><strong>En dator med Linux kanske?<\/strong><br>Vi gillar Linux och ser p\u00e5 n\u00e4ra h\u00e5ll det resurssl\u00f6seri som p\u00e5g\u00e5r: datorer d\u00e4r felet bara \u00e4r att de inte st\u00f6ds av en modern version av Windows eller macOS kan anv\u00e4ndas flera \u00e5r till med hj\u00e4lp av Linux.<\/p>\n\n\n\n<p>S\u00e4rskilt nu n\u00e4r v\u00e5ra vanor har f\u00f6r\u00e4ndrats \u2013 v\u00e5ra datorer \u00e4r allt mer terminaler mot tj\u00e4nster p\u00e5 internet.<\/p>\n\n\n\n<h3 class=\"wp-block-heading\">Vilka vi \u00e4r<\/h3>\n\n\n\n<p>Vi \u00e4r idag fyra engagerade medarbetare:<\/p>\n\n\n\n<ul class=\"wp-block-list\">\n<li><strong>Martin \u2013 v\u00e5r allt-i-allo.<\/strong><br>Han hj\u00e4lper kunder b\u00e5de i hemmet och i butiken med n\u00e4tverk, datorer, smart-TV och mycket annat. Martin har arbetat med datorer sedan 1983. Hans f\u00f6rsta kontakt med en dator var en Luxor ABC80, och hans f\u00f6rsta egna dator var en Sinclair ZX81.<\/li>\n\n\n\n<li><strong>Gustav \u2013 tekniker<\/strong><br>Han kan allt fr\u00e5n e-poststrul till datar\u00e4ddning och avancerade reparationer. Gustav \u00e4r dessutom retrodatorentusiast med en unik samling som str\u00e4cker sig fr\u00e5n Luxor ABC800 till Amiga, klassiska IBM-laptops och mycket mer d\u00e4rtill.<\/li>\n\n\n\n<li><strong>Fredrik<\/strong> \u2013 tekniker som fr\u00e4mst jobbar i butiken och hj\u00e4lper kunder med fels\u00f6kning, support och reparationer.<\/li>\n\n\n\n<li><strong>P\u00e4r<\/strong> \u2013 datorhj\u00e4lpare som bist\u00e5r kunder b\u00e5de hemma och i butiken vid \u00c5lstens g\u00e5rd.<\/li>\n<\/ul>\n\n\n\n<p>Tillsammans erbjuder vi personlig och kunnig IT-support \u2013 med fokus p\u00e5 service, kvalitet och l\u00e5ngsiktiga l\u00f6sningar.<\/p>\n\n\n\n<h3 class=\"wp-block-heading\">Kontakt<\/h3>\n\n\n\n<p><strong>Datorhj\u00e4lp i Stockholm AB<\/strong><br>Organisationsnummer: 556872-0550<\/p>\n\n\n\n<p>\ud83d\udccd Orrspelsv\u00e4gen 13<br>167 66 Bromma<\/p>\n\n\n\n<p>\ud83d\udcde Telefon: <a href=\"tel:+468372100\" class=\"aioseop-link\">+46 (0)8-37 21 00<\/a><br>\ud83d\udcf1 SMS:<a href=\"sms:+46765867000\" class=\"aioseop-link\"> +46 (0)76-586 70 00<\/a><br>\u2709\ufe0f E-post: <a href=\"mailto:info@datorhjalp.se\">info@datorhjalp.se<\/a><\/p>\n\n\n\n<p><\/p>\n","protected":false},"excerpt":{"rendered":"<p>Om Datorhj\u00e4lp i Stockholm AB Datorhj\u00e4lp startades 2012 och de f\u00f6rsta \u00e5ren h\u00f6ll vi till i en nedlagd serverhall p\u00e5 Sulkyv\u00e4gen 19 (Solvalla).\u00c5r 2014 flyttade vi till v\u00e5ra nuvarande lokaler p\u00e5 Orrspelsv\u00e4gen 13 i Bromma, precis vid sp\u00e5rvagnsh\u00e5llplatsen \u00c5lstens g\u00e5rd. Vad vi g\u00f6r Vi hj\u00e4lper b\u00e5de privatpersoner och sm\u00e5f\u00f6retag med alla typer av IT-problem och [&hellip;]<\/p>\n","protected":false},"author":1,"featured_media":0,"parent":0,"menu_order":0,"comment_status":"closed","ping_status":"closed","template":"","meta":{"footnotes":""},"class_list":["post-138","page","type-page","status-publish","hentry"],"_links":{"self":[{"href":"https:\/\/datorhjalp.se\/web\/wp-json\/wp\/v2\/pages\/138","targetHints":{"allow":["GET"]}}],"collection":[{"href":"https:\/\/datorhjalp.se\/web\/wp-json\/wp\/v2\/pages"}],"about":[{"href":"https:\/\/datorhjalp.se\/web\/wp-json\/wp\/v2\/types\/page"}],"author":[{"embeddable":true,"href":"https:\/\/datorhjalp.se\/web\/wp-json\/wp\/v2\/users\/1"}],"replies":[{"embeddable":true,"href":"https:\/\/datorhjalp.se\/web\/wp-json\/wp\/v2\/comments?post=138"}],"version-history":[{"count":24,"href":"https:\/\/datorhjalp.se\/web\/wp-json\/wp\/v2\/pages\/138\/revisions"}],"predecessor-version":[{"id":2010,"href":"https:\/\/datorhjalp.se\/web\/wp-json\/wp\/v2\/pages\/138\/revisions\/2010"}],"wp:attachment":[{"href":"https:\/\/datorhjalp.se\/web\/wp-json\/wp\/v2\/media?parent=138"}],"curies":[{"name":"wp","href":"https:\/\/api.w.org\/{rel}","templated":true}]}}