{"id":2004,"date":"2026-02-20T08:46:18","date_gmt":"2026-02-20T07:46:18","guid":{"rendered":"https:\/\/datorhjalp.se\/web\/?page_id=2004"},"modified":"2026-02-20T08:50:19","modified_gmt":"2026-02-20T07:50:19","slug":"skrota-dator","status":"publish","type":"page","link":"https:\/\/datorhjalp.se\/web\/skrota-dator\/","title":{"rendered":"Skrota dator?"},"content":{"rendered":"\n<p><strong><em>Har du en gammal dator du vill bli av med, men oroar dig f\u00f6r vad som h\u00e4nder med dina filer? Hos Datorhj\u00e4lp tar vi emot din dator gratis, raderar h\u00e5rddisken s\u00e4kert enligt milit\u00e4r standard och f\u00f6rs\u00f6ker ge datorn ett nytt liv genom att installera Linux och \u00e5terbruka den. Vill du spara inneh\u00e5llet hj\u00e4lper vi dig att kopiera det till USB eller extern h\u00e5rddisk mot en kostnad.<\/em><\/strong><\/p>\n\n\n\n<figure class=\"wp-block-image size-large\"><img loading=\"lazy\" decoding=\"async\" width=\"683\" height=\"1024\" src=\"https:\/\/datorhjalp.se\/web\/wp-content\/uploads\/2026\/02\/image-683x1024.png\" alt=\"\" class=\"wp-image-2005\" srcset=\"https:\/\/datorhjalp.se\/web\/wp-content\/uploads\/2026\/02\/image-683x1024.png 683w, https:\/\/datorhjalp.se\/web\/wp-content\/uploads\/2026\/02\/image-200x300.png 200w, https:\/\/datorhjalp.se\/web\/wp-content\/uploads\/2026\/02\/image.png 700w\" sizes=\"auto, (max-width: 683px) 100vw, 683px\" \/><figcaption class=\"wp-element-caption\"><strong><em>En Svensk tiger &#8211;  Man beh\u00f6ver inte vara s\u00e5 v\u00e5ldsam som p\u00e5 bilden f\u00f6r att f\u00f6rst\u00f6ra information. Med r\u00e4tt program raderas din data tryggt och din dator kan \u00e5terbrukas av n\u00e5gon som beh\u00f6ver en dator.<\/em><\/strong><\/figcaption><\/figure>\n\n\n\n<p>Ska du skrota din dator men \u00e4r os\u00e4ker p\u00e5 vad som h\u00e4nder med din information?<\/p>\n\n\n\n<p>Vi p\u00e5 Datorhj\u00e4lp kan skrota din dator. Till skillnad fr\u00e5n andra som bara skrotar datorer f\u00f6rs\u00f6ker vi \u00e5terbruka din gamla dator.<\/p>\n\n\n\n<p>N\u00e4r vi tar emot din dator raderar vi h\u00e5rddisken med ett program som skriver \u00f6ver den flera g\u00e5nger enligt milit\u00e4r standard.<\/p>\n\n\n\n<p>De flesta datorer skrotas f\u00f6r att de \u00e4r f\u00f6r gamla f\u00f6r att k\u00f6ra moderna versioner av Windows  eller macOS. D\u00e4rf\u00f6r installerar vi en Linuxdistribution p\u00e5 din dator och s\u00e4nker den vidare.<\/p>\n\n\n\n<p>Vill du spara inneh\u00e5llet p\u00e5 din h\u00e5rddisk l\u00e4gger vi det p\u00e5 ett USB-minne eller en extern h\u00e5rddisk.<\/p>\n\n\n\n<p>Att l\u00e4mna in din dator f\u00f6r skrotning \u00e4r gratis, men att kopiera inneh\u00e5llet till ett lagringsmedium tar vi betalt f\u00f6r.<\/p>\n","protected":false},"excerpt":{"rendered":"<p>Har du en gammal dator du vill bli av med, men oroar dig f\u00f6r vad som h\u00e4nder med dina filer? Hos Datorhj\u00e4lp tar vi emot din dator gratis, raderar h\u00e5rddisken s\u00e4kert enligt milit\u00e4r standard och f\u00f6rs\u00f6ker ge datorn ett nytt liv genom att installera Linux och \u00e5terbruka den. Vill du spara inneh\u00e5llet hj\u00e4lper vi dig [&hellip;]<\/p>\n","protected":false},"author":2,"featured_media":0,"parent":0,"menu_order":0,"comment_status":"closed","ping_status":"closed","template":"","meta":{"footnotes":""},"class_list":["post-2004","page","type-page","status-publish","hentry"],"_links":{"self":[{"href":"https:\/\/datorhjalp.se\/web\/wp-json\/wp\/v2\/pages\/2004","targetHints":{"allow":["GET"]}}],"collection":[{"href":"https:\/\/datorhjalp.se\/web\/wp-json\/wp\/v2\/pages"}],"about":[{"href":"https:\/\/datorhjalp.se\/web\/wp-json\/wp\/v2\/types\/page"}],"author":[{"embeddable":true,"href":"https:\/\/datorhjalp.se\/web\/wp-json\/wp\/v2\/users\/2"}],"replies":[{"embeddable":true,"href":"https:\/\/datorhjalp.se\/web\/wp-json\/wp\/v2\/comments?post=2004"}],"version-history":[{"count":2,"href":"https:\/\/datorhjalp.se\/web\/wp-json\/wp\/v2\/pages\/2004\/revisions"}],"predecessor-version":[{"id":2008,"href":"https:\/\/datorhjalp.se\/web\/wp-json\/wp\/v2\/pages\/2004\/revisions\/2008"}],"wp:attachment":[{"href":"https:\/\/datorhjalp.se\/web\/wp-json\/wp\/v2\/media?parent=2004"}],"curies":[{"name":"wp","href":"https:\/\/api.w.org\/{rel}","templated":true}]}}