{"id":2080,"date":"2026-04-12T07:11:20","date_gmt":"2026-04-12T05:11:20","guid":{"rendered":"https:\/\/datorhjalp.se\/web\/?page_id=2080"},"modified":"2026-04-12T07:43:10","modified_gmt":"2026-04-12T05:43:10","slug":"links","status":"publish","type":"page","link":"https:\/\/datorhjalp.se\/web\/links\/","title":{"rendered":"Links"},"content":{"rendered":"\n<a href=\"https:\/\/datorhjalp.se\/web\/etiketter\/\">Etiketter<\/A>\n\n\n<div class=\"wp-alla-lankar-index\"><div class=\"wp-alla-lankar-grupp\"><h2 class=\"wp-alla-lankar-bokstav\">A<\/h2><ul><li><a href=\"https:\/\/datorhjalp.se\/web\/acer-service\/\">Acer service<\/a><\/li><li><a href=\"https:\/\/datorhjalp.se\/web\/asus-service\/\">Asus service<\/a><\/li><\/ul><\/div><div class=\"wp-alla-lankar-grupp\"><h2 class=\"wp-alla-lankar-bokstav\">B<\/h2><ul><li><a href=\"https:\/\/datorhjalp.se\/web\/datorhjalp-alvik-stran\/\">Beh\u00f6ver du hj\u00e4lp med datorn hemma i Alviks Strand? Vi fixar det \u2013 399 kr\/timme efter RUT-avdrag.<\/a><\/li><li><a href=\"https:\/\/datorhjalp.se\/web\/blackebergs-datorservice-lokal-teknikraddare-for-bade-hem-och-foretag\/\">Blackebergs Datorservice \u2013 lokal teknikr\u00e4ddare f\u00f6r b\u00e5de hem och f\u00f6retag<\/a><\/li><li><a href=\"https:\/\/datorhjalp.se\/web\/datorhjalp-blasut\/\">Bli inte bl\u00e5st i Bl\u00e5sut &#8211; Datorhj\u00e4lp i hemmet f\u00f6r halva priset.<\/a><\/li><li><a href=\"https:\/\/datorhjalp.se\/web\/byta-grafikkort\/\">Byta grafikkort<\/a><\/li><\/ul><\/div><div class=\"wp-alla-lankar-grupp\"><h2 class=\"wp-alla-lankar-bokstav\">D<\/h2><ul><li><a href=\"https:\/\/datorhjalp.se\/web\/datakopiering\/\">Datakopiering<\/a><\/li><li><a href=\"https:\/\/datorhjalp.se\/web\/datorhalp-abrahamsberg\/\">Datorh\u00e4lp Abrahamsberg<\/a><\/li><li><a href=\"https:\/\/datorhjalp.se\/web\/datorhjalp-alby\/\">Datorhj\u00e4lp Alby<\/a><\/li><li><a href=\"https:\/\/datorhjalp.se\/web\/datorhjalp-alstens-gard\/\">Datorhj\u00e4lp \u00c5lstens G\u00e5rd<\/a><\/li><li><a href=\"https:\/\/datorhjalp.se\/web\/datorhjalp-alvik\/\">Datorhj\u00e4lp Alvik<\/a><\/li><li><a href=\"https:\/\/datorhjalp.se\/web\/datorhjalp-blackeberg\/\">Datorhj\u00e4lp Blackeberg i hemmet f\u00f6r 399:- \/ tim efter RUT<\/a><\/li><li><a href=\"https:\/\/datorhjalp.se\/web\/datorhjalp-brommaplan\/\">Datorhj\u00e4lp Brommaplan<\/a><\/li><li><a href=\"https:\/\/datorhjalp.se\/web\/datorhjalp-direkt-hem-till-dorren-nu-aven-for-boende-i-ronninge\/\">Datorhj\u00e4lp direkt hem till d\u00f6rren \u2013 nu \u00e4ven f\u00f6r boende i R\u00f6nninge<\/a><\/li><li><a href=\"https:\/\/datorhjalp.se\/web\/datorhjalp-direkt-hem-till-vastertorp-snabbt-tryggt-och-halva-priset-med-rut\/\">Datorhj\u00e4lp direkt hem till V\u00e4stertorp \u2013 snabbt, tryggt och halva priset med RUT<\/a><\/li><li><a href=\"https:\/\/datorhjalp.se\/web\/datorhjalp-farsta\/\">Datorhj\u00e4lp Farsta<\/a><\/li><li><a href=\"https:\/\/datorhjalp.se\/web\/datorhjalp-farsta-strand\/\">Datorhj\u00e4lp Farsta Strand<\/a><\/li><li><a href=\"https:\/\/datorhjalp.se\/web\/datorhjalp-hagerstensasen\/\">Datorhj\u00e4lp H\u00e4gerstens\u00e5sen<\/a><\/li><li><a href=\"https:\/\/datorhjalp.se\/web\/datorhjalp-hallunda\/\">Datorhj\u00e4lp Hallunda<\/a><\/li><li><a href=\"https:\/\/datorhjalp.se\/web\/datorhjalp-hasselby-gard\/\">Datorhj\u00e4lp H\u00e4sselby G\u00e5rd<\/a><\/li><li><a href=\"https:\/\/datorhjalp.se\/web\/datorhjalp-hemma\/\">Datorhj\u00e4lp hemma f\u00f6r 399:- efter RUT<\/a><\/li><li><a href=\"https:\/\/datorhjalp.se\/web\/datorhjalp-hemma-hogalidsgatan\/\">Datorhj\u00e4lp hemma H\u00f6galidsgatan<\/a><\/li><li><a href=\"https:\/\/datorhjalp.se\/web\/datorhjalp-hemma-i-bergshamra-personligt-stod-nar-tekniken-kranglar\/\">Datorhj\u00e4lp hemma i Bergshamra \u2013 personligt st\u00f6d n\u00e4r tekniken kr\u00e5nglar<\/a><\/li><li><a href=\"https:\/\/datorhjalp.se\/web\/datorhjalp-hemma-i-hasselby-strand-personligt-stod-nar-tekniken-kranglar\/\">Datorhj\u00e4lp hemma i H\u00e4sselby Strand \u2013 personligt st\u00f6d n\u00e4r tekniken kr\u00e5nglar<\/a><\/li><li><a href=\"https:\/\/datorhjalp.se\/web\/datorhjalp-hemma-i-hjorthagen-for-399-timmen\/\">Datorhj\u00e4lp hemma i Hjorthagen f\u00f6r 399:- \/ tim efter RUT avdraget<\/a><\/li><li><a href=\"https:\/\/datorhjalp.se\/web\/datorhjalp-hemma-i-hogdalen-personligt-stod-nar-tekniken-kranglar\/\">Datorhj\u00e4lp hemma i H\u00f6gdalen \u2013 personligt st\u00f6d n\u00e4r tekniken kr\u00e5nglar<\/a><\/li><li><a href=\"https:\/\/datorhjalp.se\/web\/datorhjalp-masmo\/\">Datorhj\u00e4lp hemma i Masmo \u2013 personligt st\u00f6d n\u00e4r tekniken kr\u00e5nglar<\/a><\/li><li><a href=\"https:\/\/datorhjalp.se\/web\/datorhjalp-hemma-i-sickla-till-halva-priset-med-rut\/\">Datorhj\u00e4lp hemma i Sickla \u2013 till halva priset med RUT<\/a><\/li><li><a href=\"https:\/\/datorhjalp.se\/web\/datorhjalp-hemma-i-varberg-personligt-stod-nar-tekniken-kranglar\/\">Datorhj\u00e4lp hemma i V\u00e5rberg \u2013 personligt st\u00f6d n\u00e4r tekniken kr\u00e5nglar<\/a><\/li><li><a href=\"https:\/\/datorhjalp.se\/web\/datorhjalp-vastra-skogen\/\">Datorhj\u00e4lp hemma V\u00e4stra Skogen f\u00f6r 399:- \/ tim efter RUT<\/a><\/li><li><a href=\"https:\/\/datorhjalp.se\/web\/datorhjalp-stadion\/\">Datorhj\u00e4lp hemma vid Stadion f\u00f6r 399:- \/ tim efter RUT<\/a><\/li><li><a href=\"https:\/\/datorhjalp.se\/web\/datorhjalp-hogdalen\/\">Datorhj\u00e4lp H\u00f6gdalen<\/a><\/li><li><a href=\"https:\/\/datorhjalp.se\/web\/datorhjalp-hornstull\/\">Datorhj\u00e4lp Hornstull<\/a><\/li><li><a href=\"https:\/\/datorhjalp.se\/web\/datorhjalp-huvudsta\/\">Datorhj\u00e4lp Huvudsta<\/a><\/li><li><a href=\"https:\/\/datorhjalp.se\/web\/datorhjalp-jakobsberg\/\">Datorhj\u00e4lp i hemmet  Jakobsberg f\u00f6r 399:- \/ tim efter RUT avdraget.<\/a><\/li><li><a href=\"https:\/\/datorhjalp.se\/web\/datorhjalp-bjorkhagen\/\">Datorhj\u00e4lp i hemmet Bj\u00f6rkhagen f\u00f6r 399:- \/ timmen efter RUT<\/a><\/li><li><a href=\"https:\/\/datorhjalp.se\/web\/datorhjalp-hammarbyhojden\/\">Datorhj\u00e4lp i hemmet f\u00f6r den som bor vid Hammarbyh\u00f6jden f\u00f6r 399:- \/ tim efter RUT<\/a><\/li><li><a href=\"https:\/\/datorhjalp.se\/web\/datorhjalp-huddinge\/\">Datorhj\u00e4lp i Hemmet Huddinge f\u00f6r 399:- \/ tim efter RUT<\/a><\/li><li><a href=\"https:\/\/datorhjalp.se\/web\/datorhjalp-i-hemmet-skanstull-till-halva-priset\/\">Datorhj\u00e4lp i hemmet Skanstull till halva priset<\/a><\/li><li><a href=\"https:\/\/datorhjalp.se\/web\/datorhjalp-stora-essingen\/\">Datorhj\u00e4lp i hemmet Stora Essingen f\u00f6r 399:- \/ tim efter RUT avdraget.<\/a><\/li><li><a href=\"https:\/\/datorhjalp.se\/web\/datorhjalp-i-hemmet-trekanten\/\">Datorhj\u00e4lp i hemmet Trekanten f\u00f6r 399:- \/ tim efter RUT<\/a><\/li><li><a href=\"https:\/\/datorhjalp.se\/web\/datorhjalp-varby-gard\/\">Datorhj\u00e4lp i hemmet V\u00e5rby G\u00e5rd f\u00f6r 399:- \/ tim efter RUT<\/a><\/li><li><a href=\"https:\/\/datorhjalp.se\/web\/datorhjalp-angbyplan\/\">Datorhj\u00e4lp i hemmet vid \u00c4ngbyplan f\u00f6r 399:- \/tim efter RUT<\/a><\/li><li><a href=\"https:\/\/datorhjalp.se\/web\/datorhjalp-liljeholmen\/\">Datorhj\u00e4lp i Liljeholmen \u2013 hembes\u00f6k f\u00f6r 399 kr\/tim efter RUT<\/a><\/li><li><a href=\"https:\/\/datorhjalp.se\/web\/datorhjalp-mariefred\/\">Datorhj\u00e4lp i Mariefred f\u00f6r 450:- \/ tim efter RUT<\/a><\/li><li><a href=\"https:\/\/datorhjalp.se\/web\/datorhjalp-i-sandsborg-for-halva-priset\/\">Datorhj\u00e4lp i Sandsborg f\u00f6r halva priset<\/a><\/li><li><a href=\"https:\/\/datorhjalp.se\/web\/datorhjalp-islandstorget\/\">Datorhj\u00e4lp Islandstorget i hemmet f\u00f6r halva priset<\/a><\/li><li><a href=\"https:\/\/datorhjalp.se\/web\/datorhjalp-karina-bangata-endast-350-efter\/\">Datorhj\u00e4lp Katarina Bangata &#8211; 399:- \/ tim efter RUT.<\/a><\/li><li><a href=\"https:\/\/datorhjalp.se\/web\/datorhjalp-mariatorget\/\">Datorhj\u00e4lp Mariatorget<\/a><\/li><li><a href=\"https:\/\/datorhjalp.se\/web\/datorhjalp-marsta\/\">Datorhj\u00e4lp M\u00e4rsta<\/a><\/li><li><a href=\"https:\/\/datorhjalp.se\/web\/datorhjalp-nara-nackrosen-teknisk-hjalp-direkt-i-hemmet-till-halva-priset\/\">Datorhj\u00e4lp n\u00e4ra N\u00e4ckrosen \u2013 teknisk hj\u00e4lp direkt i hemmet till halva priset<\/a><\/li><li><a href=\"https:\/\/datorhjalp.se\/web\/datorhjalp-nara-till-hands-for-boende-i-hasselby-gard-till-halva-priset-efter-50-rut-avdraget\/\">Datorhj\u00e4lp n\u00e4ra till hands f\u00f6r boende i H\u00e4sselby G\u00e5rd till halva priset efter 50% RUT avdraget<\/a><\/li><li><a href=\"https:\/\/datorhjalp.se\/web\/datorhjalp-nara-till-hands-for-boende-i-norsborg-for-halva-priset-efter-rut-avdraget\/\">Datorhj\u00e4lp n\u00e4ra till hands f\u00f6r boende i Norsborg f\u00f6r halva priset  efter RUT avdraget<\/a><\/li><li><a href=\"https:\/\/datorhjalp.se\/web\/datorhjalp-nara-till-hands-for-boende-i-stureby\/\">Datorhj\u00e4lp n\u00e4ra till hands f\u00f6r boende i Stureby till halva priset efter RUT avdraget.<\/a><\/li><li><a href=\"https:\/\/datorhjalp.se\/web\/datorhjalp-nara-till-hands-for-boende-kring-huddinge-centrum\/\">Datorhj\u00e4lp n\u00e4ra till hands f\u00f6r boende kring Huddinge Centrum<\/a><\/li><li><a href=\"https:\/\/datorhjalp.se\/web\/datorhjalp-nara-till-hands-for-boende-vid-karlaplan\/\">Datorhj\u00e4lp n\u00e4ra till hands f\u00f6r boende vid Karlaplan<\/a><\/li><li><a href=\"https:\/\/datorhjalp.se\/web\/datorhjalp-nara-till-hands-for-boende-vid-st-eriksplan-for-halva-med-priset-med-rut-avdraget\/\">Datorhj\u00e4lp n\u00e4ra till hands f\u00f6r boende vid S:t Eriksplan f\u00f6r halva med priset med RUT avdraget<\/a><\/li><li><a href=\"https:\/\/datorhjalp.se\/web\/datorhjalp-norsborg\/\">Datorhj\u00e4lp Norsborg<\/a><\/li><li><a href=\"https:\/\/datorhjalp.se\/web\/\">Datorhj\u00e4lp och Datorservice i Butik eller hembes\u00f6k.<\/a><\/li><li><a href=\"https:\/\/datorhjalp.se\/web\/datorhjalp-online\/\">Datorhj\u00e4lp Online<\/a><\/li><li><a href=\"https:\/\/datorhjalp.se\/web\/datorhjalp-ornsberg\/\">Datorhj\u00e4lp \u00d6rnsberg<\/a><\/li><li><a href=\"https:\/\/datorhjalp.se\/web\/datorhjalp-pa-plats-for-boende-i-ragsved\/\">Datorhj\u00e4lp p\u00e5 plats f\u00f6r boende i R\u00e5gsved<\/a><\/li><li><a href=\"https:\/\/datorhjalp.se\/web\/datorhjalp-pa-plats-hjalper-boende-i-hagsatra-med-50-rabatt-med-rut-avdraget\/\">Datorhj\u00e4lp p\u00e5 plats hj\u00e4lper boende i Hags\u00e4tra med 50% rabatt med RUT avdraget<\/a><\/li><li><a href=\"https:\/\/datorhjalp.se\/web\/datorhjalp-rotebro\/\">Datorhj\u00e4lp Rotebro<\/a><\/li><li><a href=\"https:\/\/datorhjalp.se\/web\/datorhjalp-rycker-ut-i-alvik-teknikhjalp-hemma-till-halva-priset\/\">Datorhj\u00e4lp rycker ut i Alvik \u2013 IT hj\u00e4lp hemma till halva priset<\/a><\/li><li><a href=\"https:\/\/datorhjalp.se\/web\/datorhjalp-rycker-ut-i-spanga-teknikhjalp-hemma-till-halva-priset\/\">Datorhj\u00e4lp rycker ut i Sp\u00e5nga \u2013 teknikhj\u00e4lp hemma till halva priset<\/a><\/li><li><a href=\"https:\/\/datorhjalp.se\/web\/datorhjalp-vallingby-2\/\">Datorhj\u00e4lp rycker ut i V\u00e4llingby \u2013 teknikhj\u00e4lp hemma till halva priset<\/a><\/li><li><a href=\"https:\/\/datorhjalp.se\/web\/datorhjalp-skanegatan\/\">Datorhj\u00e4lp rycker ut p\u00e5 Sk\u00e5negatan \u2013 teknikhj\u00e4lp hemma till halva priset<\/a><\/li><li><a href=\"https:\/\/datorhjalp.se\/web\/datorhjalp-rycker-ut-vid-odenplan-teknikhjalp-hemma-till-halva-priset\/\">Datorhj\u00e4lp rycker ut vid Odenplan \u2013 Datorhj\u00e4lp hemma till halva priset<\/a><\/li><li><a href=\"https:\/\/datorhjalp.se\/web\/datorhjalp-skanstull\/\">Datorhj\u00e4lp Skanstull<\/a><\/li><li><a href=\"https:\/\/datorhjalp.se\/web\/datorhjalp-skarholmen\/\">Datorhj\u00e4lp Sk\u00e4rholmen<\/a><\/li><li><a href=\"https:\/\/datorhjalp.se\/web\/datorhjalp-skogskyrkogarden\/\">Datorhj\u00e4lp Skogskyrkog\u00e5rden<\/a><\/li><li><a href=\"https:\/\/datorhjalp.se\/web\/snabb-datorhjalp-direkt-i-hemmet-nu-aven-for-boende-vid-telefonplan-med-50-rabatt-efter-rut-avdraget\/\">Datorhj\u00e4lp Telefonplan<\/a><\/li><li><a href=\"https:\/\/datorhjalp.se\/web\/datorhjalp-tunagard\/\">Datorhj\u00e4lp Tunag\u00e5rd<\/a><\/li><li><a href=\"https:\/\/datorhjalp.se\/web\/datorhjalp-universitetet\/\">Datorhj\u00e4lp Universitetet<\/a><\/li><li><a href=\"https:\/\/datorhjalp.se\/web\/datorhjalp-vallingby\/\">Datorhj\u00e4lp V\u00e4llingby<\/a><\/li><li><a href=\"https:\/\/datorhjalp.se\/web\/datorhjalp-vid-skogskyrkogarden\/\">Datorhj\u00e4lp vid Skogskyrkog\u00e5rden<\/a><\/li><li><a href=\"https:\/\/datorhjalp.se\/web\/datorservice-brommaplan\/\">Datorservice Brommaplan<\/a><\/li><li><a href=\"https:\/\/datorhjalp.se\/web\/teknikstrul-i-akeshov-har-ar-foretaget-som-rycker-ut-nar-datorn-lagger-av\/\">Datorstrul i \u00c5keshov? H\u00e4r \u00e4r f\u00f6retaget som rycker ut n\u00e4r datorn l\u00e4gger av.<\/a><\/li><li><a href=\"https:\/\/datorhjalp.se\/web\/datorstrul-vid-abrahamsberg-har-ar-foretaget-som-rycker-ut-till-halva-priset-med-rut-avdrag\/\">Datorstrul vid Abrahamsberg. H\u00e4r \u00e4r f\u00f6retaget som rycker ut \u2013 till halva priset med RUT-avdrag<\/a><\/li><li><a href=\"https:\/\/datorhjalp.se\/web\/datorstrul-vid-islandstorget-har-ar-foretaget-som-rycker-ut-till-halva-priset-med-rut-avdrag\/\">Datorstrul vid Islandstorget? H\u00e4r \u00e4r f\u00f6retaget som rycker ut \u2013 till halva priset med RUT-avdrag<\/a><\/li><li><a href=\"https:\/\/datorhjalp.se\/web\/datorhjalp-bandhagen\/\">De hj\u00e4lper Bandhagens boende med datorer och n\u00e4tverk i hemmet till halva priset.<\/a><\/li><li><a href=\"https:\/\/datorhjalp.se\/web\/datorhjalp-horsgatan\/\">De hj\u00e4lper Hornsgatans boende med allt fr\u00e5n datorer till n\u00e4tverk till halva priset.<\/a><\/li><li><a href=\"https:\/\/datorhjalp.se\/web\/datorhjalp-varvsgatan\/\">De rycker ut n\u00e4r tekniken strular \u2013 Datorhj\u00e4lp hj\u00e4lper Varsvarggatan bor i hemmet till halva priset.<\/a><\/li><li><a href=\"https:\/\/datorhjalp.se\/web\/dell-service\/\">Dell Service<\/a><\/li><li><a href=\"https:\/\/datorhjalp.se\/web\/digital-dorrskylt-for-smaforetagare\/\">Digital D\u00f6rrskylt f\u00f6r Sm\u00e5f\u00f6retagare<\/a><\/li><li><a href=\"https:\/\/datorhjalp.se\/web\/digitalfixare-stockholm\/\">Digital fixare Stockholm<\/a><\/li><\/ul><\/div><div class=\"wp-alla-lankar-grupp\"><h2 class=\"wp-alla-lankar-bokstav\">E<\/h2><ul><li><a href=\"https:\/\/datorhjalp.se\/web\/e-post-hjalp\/\">E-post hj\u00e4lp<\/a><\/li><li><a href=\"https:\/\/datorhjalp.se\/web\/404-2\/\">Error 404<\/a><\/li><li><a href=\"https:\/\/datorhjalp.se\/web\/etiketter\/\">Etiketter<\/a><\/li><\/ul><\/div><div class=\"wp-alla-lankar-grupp\"><h2 class=\"wp-alla-lankar-bokstav\">F<\/h2><ul><li><a href=\"https:\/\/datorhjalp.se\/web\/flaktbyte-pa-datorn\/\">Fl\u00e4ktbyte p\u00e5 datorn b\u00e5de station\u00e4r och b\u00e4rbar.<\/a><\/li><li><a href=\"https:\/\/datorhjalp.se\/web\/datorhjalp-ringvagen\/\">Fr\u00e5n l\u00e5ngsam dator till snabbt Wi-Fi \u2013 Datorhj\u00e4lp ordnar det hemma p\u00e5 Ringv\u00e4gen<\/a><\/li><\/ul><\/div><div class=\"wp-alla-lankar-grupp\"><h2 class=\"wp-alla-lankar-bokstav\">K<\/h2><ul><li><a href=\"https:\/\/datorhjalp.se\/web\/kontakta-oss\/\">Kontakta oss<\/a><\/li><li><a href=\"https:\/\/datorhjalp.se\/web\/kopiera-filer\/\">Kopiera filer<\/a><\/li><\/ul><\/div><div class=\"wp-alla-lankar-grupp\"><h2 class=\"wp-alla-lankar-bokstav\">L<\/h2><ul><li><a href=\"https:\/\/datorhjalp.se\/web\/links\/\">Links<\/a><\/li><li><a href=\"https:\/\/datorhjalp.se\/web\/linuxhjalp\/\">Linuxhj\u00e4lp<\/a><\/li><li><a href=\"https:\/\/datorhjalp.se\/web\/lokal-datorhjalp-i-racksta-tekniker-kommer-hem-till-dig\/\">Lokal datorhj\u00e4lp i R\u00e5cksta \u2013 tekniker kommer hem till dig<\/a><\/li><\/ul><\/div><div class=\"wp-alla-lankar-grupp\"><h2 class=\"wp-alla-lankar-bokstav\">N<\/h2><ul><li><a href=\"https:\/\/datorhjalp.se\/web\/nu-kan-boende-i-sollentuna-fa-it-support-pa-plats-till-halva-priset\/\">Nu kan boende i Sollentuna f\u00e5 IT-support p\u00e5 plats \u2013 till halva priset<\/a><\/li><\/ul><\/div><div class=\"wp-alla-lankar-grupp\"><h2 class=\"wp-alla-lankar-bokstav\">O<\/h2><ul><li><a href=\"https:\/\/datorhjalp.se\/web\/om-datorhjalp\/\">Om Datorhj\u00e4lp<\/a><\/li><li><a href=\"https:\/\/datorhjalp.se\/web\/ominstallation-av-windows\/\">Ominstallation av Windows<\/a><\/li><\/ul><\/div><div class=\"wp-alla-lankar-grupp\"><h2 class=\"wp-alla-lankar-bokstav\">P<\/h2><ul><li><a href=\"https:\/\/datorhjalp.se\/web\/datorhjalp-kista\/\">Personlig datorhj\u00e4lp i hemmet vid Kista \u2013 fr\u00e5n 399 kr per timme med RUT.<\/a><\/li><li><a href=\"https:\/\/datorhjalp.se\/web\/pratik-hos-datorhjalp\/\">Pratik hos Datorhj\u00e4lp<\/a><\/li><li><a href=\"https:\/\/datorhjalp.se\/web\/prislista\/\">Prislista<\/a><\/li><li><a href=\"https:\/\/datorhjalp.se\/web\/prislista-datorhjalp\/\">Prislista datorhj\u00e4lp<\/a><\/li><\/ul><\/div><div class=\"wp-alla-lankar-grupp\"><h2 class=\"wp-alla-lankar-bokstav\">R<\/h2><ul><li><a href=\"https:\/\/datorhjalp.se\/web\/reparation-av-datorer\/\">Reparation av Datorer<\/a><\/li><\/ul><\/div><div class=\"wp-alla-lankar-grupp\"><h2 class=\"wp-alla-lankar-bokstav\">S<\/h2><ul><li><a href=\"https:\/\/datorhjalp.se\/web\/sa-laddar-du-ner-teamviewer-till-din-dator\/\">S\u00e5 laddar du ner TeamViewer till din dator<\/a><\/li><li><a href=\"https:\/\/datorhjalp.se\/web\/skarmbyte-laptop\/\">Sk\u00e4rmbyte Laptop<\/a><\/li><li><a href=\"https:\/\/datorhjalp.se\/web\/skrota-dator\/\">Skrota dator?<\/a><\/li><li><a href=\"https:\/\/datorhjalp.se\/web\/snabb-datorhjalp-direkt-hem-till-dig-nu-aven-for-boende-vid-fridhemsplan\/\">Snabb datorhj\u00e4lp direkt hem till dig till halva priset f\u00f6r boende vid Fridhemsplan<\/a><\/li><li><a href=\"https:\/\/datorhjalp.se\/web\/snabb-datorhjalp-direkt-i-grondal-tekniker-gor-hembesok\/\">Snabb datorhj\u00e4lp direkt i Gr\u00f6ndal \u2013 tekniker g\u00f6r hembes\u00f6k<\/a><\/li><li><a href=\"https:\/\/datorhjalp.se\/web\/snabb-datorhjalp-hemma-hos-boende-i-globen\/\">Snabb datorhj\u00e4lp hemma hos boende i Globen till halva priset.<\/a><\/li><li><a href=\"https:\/\/datorhjalp.se\/web\/snabb-datorhjalp-i-kristineberg-tekniker-kommer-hem-till-dig\/\">Snabb datorhj\u00e4lp i Kristineberg \u2013 tekniker kommer hem till dig<\/a><\/li><li><a href=\"https:\/\/datorhjalp.se\/web\/snabb-datorhjalp-i-nockeby-torg-tekniker-kommer-hem-till-dig\/\">Snabb datorhj\u00e4lp i Nockeby Torg \u2013 tekniker kommer hem till dig<\/a><\/li><li><a href=\"https:\/\/datorhjalp.se\/web\/snabb-datorhjalp-i-tumba-tekniker-som-kommer-hem-till-dig\/\">Snabb datorhj\u00e4lp i Tumba \u2013 tekniker som kommer hem till dig<\/a><\/li><li><a href=\"https:\/\/datorhjalp.se\/web\/snabb-datorhjalp-pa-plats-for-boende-i-skarholmen-halva-priset-efter-rut-avdraget\/\">Snabb datorhj\u00e4lp p\u00e5 plats f\u00f6r boende i Sk\u00e4rholmen &#8211; Halva priset efter RUT avdraget.<\/a><\/li><li><a href=\"https:\/\/datorhjalp.se\/web\/snabb-datorhjalp-pa-plats-i-marsta-till-halva-priset\/\">Snabb datorhj\u00e4lp p\u00e5 plats i M\u00e4rsta till halva priset<\/a><\/li><li><a href=\"https:\/\/datorhjalp.se\/web\/snabb-hjalp-nar-tekniken-kranglar-i-taby-till-halva-priset\/\">Snabb hj\u00e4lp n\u00e4r tekniken kr\u00e5nglar i T\u00e4by till halva priset<\/a><\/li><li><a href=\"https:\/\/datorhjalp.se\/web\/snabb-it-hjalp-direkt-hemma-i-alvsjo-till-halva-priset\/\">Snabb IT-hj\u00e4lp direkt hemma i \u00c4lvsj\u00f6 , till halva priset.<\/a><\/li><li><a href=\"https:\/\/datorhjalp.se\/web\/snabb-it-hjalp-direkt-hemma-i-karrtorp-till-halva-priset-med-rut\/\">Snabb IT-hj\u00e4lp direkt hemma i K\u00e4rrtorp \u2013 till halva priset med RUT<\/a><\/li><li><a href=\"https:\/\/datorhjalp.se\/web\/snabb-it-hjalp-nara-tekniska-hogskolan-tekniker-rycker-ut-direkt-hem-till-dig\/\">Snabb IT-hj\u00e4lp n\u00e4ra Tekniska h\u00f6gskolan \u2013 tekniker rycker ut direkt hem till dig<\/a><\/li><li><a href=\"https:\/\/datorhjalp.se\/web\/datorhjalp-bagarmossen\/\">Snabb och p\u00e5litlig IT-hj\u00e4lp i Bagarmossen \u2013 direkt i hemmet f\u00f6r halva priset.<\/a><\/li><li><a href=\"https:\/\/datorhjalp.se\/web\/snabbkontakt-till-datorhjalp\/\">Snabbkontakt till Datorhj\u00e4lp<\/a><\/li><\/ul><\/div><div class=\"wp-alla-lankar-grupp\"><h2 class=\"wp-alla-lankar-bokstav\">T<\/h2><ul><li><a href=\"https:\/\/datorhjalp.se\/web\/teknikstrul-hemma-nu-far-boende-i-skarmarbrink-snabb-it-hjalp-pa-plats\/\">Teknikstrul hemma? Nu f\u00e5r boende i Sk\u00e4rmarbrink snabb IT-hj\u00e4lp p\u00e5 plats<\/a><\/li><\/ul><\/div><div class=\"wp-alla-lankar-grupp\"><h2 class=\"wp-alla-lankar-bokstav\">V<\/h2><ul><li><a href=\"https:\/\/datorhjalp.se\/web\/vara-tjanster\/\">V\u00e5ra Tj\u00e4nster<\/a><\/li><li><a href=\"https:\/\/datorhjalp.se\/web\/virusrensning\/\">Virusrensning<\/a><\/li><\/ul><\/div><div class=\"wp-alla-lankar-grupp\"><h2 class=\"wp-alla-lankar-bokstav\">\u00c4<\/h2><ul><li><a href=\"https:\/\/datorhjalp.se\/web\/ar-du-redo-att-upptacka-friheten-och-kraften-med-linux\/\">\u00c4r du redo att uppt\u00e4cka friheten och kraften med Linux?<\/a><\/li><\/ul><\/div><div class=\"wp-alla-lankar-grupp\"><h2 class=\"wp-alla-lankar-bokstav\">\u00c5<\/h2><ul><li><a href=\"https:\/\/datorhjalp.se\/web\/aterskapa-adressboken\/\">\u00c5terskapa Adressboken<\/a><\/li><\/ul><\/div><\/div>\n\n\n\n<pre class=\"wp-block-code\"><code>\n\n\n<\/code><\/pre>\n","protected":false},"excerpt":{"rendered":"<p>Etiketter<\/p>\n","protected":false},"author":2,"featured_media":0,"parent":0,"menu_order":0,"comment_status":"closed","ping_status":"closed","template":"","meta":{"footnotes":""},"class_list":["post-2080","page","type-page","status-publish","hentry"],"_links":{"self":[{"href":"https:\/\/datorhjalp.se\/web\/wp-json\/wp\/v2\/pages\/2080","targetHints":{"allow":["GET"]}}],"collection":[{"href":"https:\/\/datorhjalp.se\/web\/wp-json\/wp\/v2\/pages"}],"about":[{"href":"https:\/\/datorhjalp.se\/web\/wp-json\/wp\/v2\/types\/page"}],"author":[{"embeddable":true,"href":"https:\/\/datorhjalp.se\/web\/wp-json\/wp\/v2\/users\/2"}],"replies":[{"embeddable":true,"href":"https:\/\/datorhjalp.se\/web\/wp-json\/wp\/v2\/comments?post=2080"}],"version-history":[{"count":4,"href":"https:\/\/datorhjalp.se\/web\/wp-json\/wp\/v2\/pages\/2080\/revisions"}],"predecessor-version":[{"id":2089,"href":"https:\/\/datorhjalp.se\/web\/wp-json\/wp\/v2\/pages\/2080\/revisions\/2089"}],"wp:attachment":[{"href":"https:\/\/datorhjalp.se\/web\/wp-json\/wp\/v2\/media?parent=2080"}],"curies":[{"name":"wp","href":"https:\/\/api.w.org\/{rel}","templated":true}]}}