{"id":24,"date":"2022-12-15T17:18:10","date_gmt":"2022-12-15T16:18:10","guid":{"rendered":"https:\/\/datorhjalp.se\/w2\/?page_id=24"},"modified":"2026-04-12T08:42:38","modified_gmt":"2026-04-12T06:42:38","slug":"datorhjalp","status":"publish","type":"page","link":"https:\/\/datorhjalp.se\/web\/","title":{"rendered":"Datorhj\u00e4lp och Datorservice i Butik eller hembes\u00f6k."},"content":{"rendered":"\n<figure class=\"wp-block-image size-large is-resized\"><a href=\"mailto:info@\u00f0atorhjalp.se\"><img loading=\"lazy\" decoding=\"async\" width=\"1024\" height=\"362\" src=\"https:\/\/datorhjalp.se\/web\/wp-content\/uploads\/2022\/12\/datorhjalp-stockholm-farsta-1024x362.jpg\" alt=\"Datorhj\u00e4lp Stockholm\" class=\"wp-image-25\" style=\"width:650px;height:auto\" srcset=\"https:\/\/datorhjalp.se\/web\/wp-content\/uploads\/2022\/12\/datorhjalp-stockholm-farsta-1024x362.jpg 1024w, https:\/\/datorhjalp.se\/web\/wp-content\/uploads\/2022\/12\/datorhjalp-stockholm-farsta-300x106.jpg 300w, https:\/\/datorhjalp.se\/web\/wp-content\/uploads\/2022\/12\/datorhjalp-stockholm-farsta-768x271.jpg 768w, https:\/\/datorhjalp.se\/web\/wp-content\/uploads\/2022\/12\/datorhjalp-stockholm-farsta-1536x543.jpg 1536w, https:\/\/datorhjalp.se\/web\/wp-content\/uploads\/2022\/12\/datorhjalp-stockholm-farsta-2048x724.jpg 2048w\" sizes=\"auto, (max-width: 1024px) 100vw, 1024px\" \/><\/a><figcaption class=\"wp-element-caption\">Datorhj\u00e4l<em>p i Stockholm servicebutik ligger p\u00e5 Orrspelsv\u00e4gen 13 i Bromma<\/em><\/figcaption><\/figure>\n\n\n\n<p class=\"has-medium-font-size\"><strong><em>V\u00e4lkommen till Datorhj\u00e4lp! Vi hj\u00e4lper dig med teknikproblem b\u00e5de i v\u00e5r servicebutik i Bromma och via hembes\u00f6k. Ett hembes\u00f6k kostar 399 kr per timme.<\/em><\/strong><\/p>\n\n\n\n<div id=\"contact-info\" style=\"text-align: center;\"><\/div>\n\n<script>\nfunction canMakePhoneCalls() {\n    const ua = navigator.userAgent || navigator.vendor || window.opera;\n    return \/android|iphone|ipad|ipod|opera mini|iemobile|mobile\/i.test(ua);\n}\n\ndocument.addEventListener('DOMContentLoaded', () => {\n    const container = document.getElementById('contact-info');\n\n    if (canMakePhoneCalls()) {\n        \/\/ Mobil \u2013 visa ringknapp\n        container.innerHTML = `\n            <form action=\"tel:+468372100\" method=\"get\" style=\"display: inline-block;\">\n                <button type=\"submit\"\n                    style=\"background-color: blue;\n                           color: yellow;\n                           border: none;\n                           padding: 10px 20px;\n                           font-size: 20px;\n                           cursor: pointer;\n                           border-radius: 5px;\">\n                    <b>Tryck h\u00e4r f\u00f6r att ringa 08-37 21 00<\/b>\n                <\/button>\n            <\/form>\n        `;\n    } else {\n        \/\/ Desktop \/ ej ringbar enhet \u2013 visa centrerad text\n        container.innerHTML = `\n            <p style=\"font-size: 20px; margin: 0;\">\n                <b>V\u00e5rt telefonnummer: 08 37 21 00<\/b>\n            <\/p>\n        `;\n    }\n});\n<\/script>\n\n\n<div class=\"dh-opentimes-wrap\"><h2 class=\"dh-opentimes-title\">\u00d6ppettider<\/h2><div class=\"dh-opentimes-table-wrap\"><table class=\"dh-opentimes-table wp-block-table\"><thead><tr><th scope=\"col\">Veckodag<\/th><th scope=\"col\">\u00d6ppnar<\/th><th scope=\"col\">St\u00e4nger<\/th><\/tr><\/thead><tbody><tr><th scope=\"row\">M\u00e5ndag<\/th><td>12:00<\/td><td>19:00<\/td><\/tr><tr class=\"is-today\" style=\"background-color:black;color:#fff;\"><th scope=\"row\">Tisdag<\/th><td>12:00<\/td><td>19:00<\/td><\/tr><tr><th scope=\"row\">Onsdag<\/th><td>12:00<\/td><td>19:00<\/td><\/tr><tr><th scope=\"row\">Torsdag<\/th><td>12:00<\/td><td>19:00<\/td><\/tr><tr><th scope=\"row\">Fredag<\/th><td>12:00<\/td><td>19:00<\/td><\/tr><tr><th scope=\"row\">L\u00f6rdag<\/th><td>11:00<\/td><td>14:00<\/td><\/tr><tr><th scope=\"row\">S\u00f6ndag<\/th><td>St\u00e4ngt<\/td><td><\/td><\/tr><\/tbody><\/table><\/div><\/div>\n\n\n\n<h3 class=\"wp-block-heading\"><strong>Datorhj\u00e4lp \u2013 vi l\u00f6ser dina teknikproblem!<\/strong><\/h3>\n\n\n\n<p>Vi erbjuder snabb och personlig hj\u00e4lp, b\u00e5de hemma hos dig och i v\u00e5r servicebutik p\u00e5 Orrspelsv\u00e4gen 13, Bromma.<\/p>\n\n\n\n<figure class=\"wp-block-image size-full\"><img loading=\"lazy\" decoding=\"async\" width=\"800\" height=\"800\" src=\"https:\/\/datorhjalp.se\/web\/wp-content\/uploads\/2025\/12\/image-5.png\" alt=\"\" class=\"wp-image-1809\" srcset=\"https:\/\/datorhjalp.se\/web\/wp-content\/uploads\/2025\/12\/image-5.png 800w, https:\/\/datorhjalp.se\/web\/wp-content\/uploads\/2025\/12\/image-5-300x300.png 300w, https:\/\/datorhjalp.se\/web\/wp-content\/uploads\/2025\/12\/image-5-150x150.png 150w, https:\/\/datorhjalp.se\/web\/wp-content\/uploads\/2025\/12\/image-5-768x768.png 768w\" sizes=\"auto, (max-width: 800px) 100vw, 800px\" \/><figcaption class=\"wp-element-caption\"><strong><em><strong>F\u00f6r endast 399 kr\/tim efter RUT-avdrag f\u00e5r du personlig och trygg datorhj\u00e4lp direkt i ditt hem. Vi hj\u00e4lper dig med allt fr\u00e5n sm\u00e5 IT-problem till st\u00f6rre digitala utmaningar i vardagen. Sj\u00e4lvklart tillkommer inga resekostnader \u2013 taxametern b\u00f6rjar f\u00f6rst n\u00e4r vi kliver \u00f6ver tr\u00f6skeln.<\/strong><\/em><\/strong><br><\/figcaption><\/figure>\n\n\n\n<p><strong>Hemma hos dig<\/strong> kan vi ordna b\u00e4ttre wifi-t\u00e4ckning, f\u00e5 ig\u00e5ng strulande skrivare, hj\u00e4lpa till att byta dator . TV-apparater eller n\u00e5got annat it problem., och f\u00f6rklara hur den digitala v\u00e4rlden fungerar \u2013 inklusive vilka akt\u00f6rer som \u00e4r inblandade i ditt digitala liv.<br>L\u00e4r mer om v\u00e5r <a href=\"https:\/\/datorhjalp.se\/web\/datorhjalp-hemma\/\" class=\"aioseop-link\">Datorhj\u00e4lp hemma tj\u00e4nster<\/a>.<br><br><strong>I butiken hj\u00e4lper vi dig med<\/strong> trasiga datorer och andra teknikproblem. Vi kan ocks\u00e5 sitta ner tillsammans och reda ut fr\u00e5gor eller bekymmer kring det digitala samh\u00e4llet \u2013 som e-post, program som inte funkar och mycket mer.<br><br>Oavsett om det \u00e4r sm\u00e5 eller stora teknikproblem \u2013 vi finns h\u00e4r f\u00f6r att g\u00f6ra din vardag enklare.<\/p>\n\n\n\n<p><\/p>\n\n\n\n<p align=\"center\">\n  <button \n    onclick=\"window.open('https:\/\/datorhjalp.se\/web\/datorhjalp-hemma\/', '_blank');\"\n    style=\"font-size: 2em; background-color: blue; color: yellow; padding: 1em 2em; border: none; border-radius: 8px; cursor: pointer;\">\n    Klicka h\u00e4r f\u00f6r att l\u00e4sa om Datorhj\u00e4lp i hemmet f\u00f6r 399:- \/ tim efter RUT\n  <\/button>\n<\/p>\n\n\n\n<p><\/p>\n\n\n\n<p><\/p>\n\n\n\n<hr class=\"wp-block-separator has-alpha-channel-opacity\"\/>\n\n\n\n<h3 class=\"wp-block-heading\"><strong>Exempel p\u00e5 vad vi kan hj\u00e4lpa dig med<\/strong><\/h3>\n\n\n\n<h4 class=\"wp-block-heading\">E-post problem<\/h4>\n\n\n\n<figure class=\"wp-block-image size-full\"><img loading=\"lazy\" decoding=\"async\" width=\"1024\" height=\"1024\" src=\"https:\/\/datorhjalp.se\/web\/wp-content\/uploads\/2023\/12\/image-12.png\" alt=\"Hj\u00e4lp med E-posten\" class=\"wp-image-720\" srcset=\"https:\/\/datorhjalp.se\/web\/wp-content\/uploads\/2023\/12\/image-12.png 1024w, https:\/\/datorhjalp.se\/web\/wp-content\/uploads\/2023\/12\/image-12-300x300.png 300w, https:\/\/datorhjalp.se\/web\/wp-content\/uploads\/2023\/12\/image-12-150x150.png 150w, https:\/\/datorhjalp.se\/web\/wp-content\/uploads\/2023\/12\/image-12-768x768.png 768w\" sizes=\"auto, (max-width: 1024px) 100vw, 1024px\" \/><figcaption class=\"wp-element-caption\">F\u00f6r mycket skr\u00e4p E-post? Vi hj\u00e4lper dej med E-posten<\/figcaption><\/figure>\n\n\n\n<hr class=\"wp-block-separator has-alpha-channel-opacity\"\/>\n\n\n\n<h4 class=\"wp-block-heading\">Virus i datorn?<\/h4>\n\n\n\n<figure class=\"wp-block-image aligncenter size-full is-resized\"><img loading=\"lazy\" decoding=\"async\" width=\"1024\" height=\"1024\" src=\"https:\/\/datorhjalp.se\/web\/wp-content\/uploads\/2023\/12\/virus-i-datorn.jpg\" alt=\"\" class=\"wp-image-733\" style=\"width:645px;height:auto\" srcset=\"https:\/\/datorhjalp.se\/web\/wp-content\/uploads\/2023\/12\/virus-i-datorn.jpg 1024w, https:\/\/datorhjalp.se\/web\/wp-content\/uploads\/2023\/12\/virus-i-datorn-300x300.jpg 300w, https:\/\/datorhjalp.se\/web\/wp-content\/uploads\/2023\/12\/virus-i-datorn-150x150.jpg 150w, https:\/\/datorhjalp.se\/web\/wp-content\/uploads\/2023\/12\/virus-i-datorn-768x768.jpg 768w\" sizes=\"auto, (max-width: 1024px) 100vw, 1024px\" \/><figcaption class=\"wp-element-caption\">F\u00e5tt virus i datorn?<\/figcaption><\/figure>\n\n\n\n<h4 class=\"wp-block-heading\">St\u00e4lla in och konfigurar skrivare<\/h4>\n\n\n\n<figure class=\"wp-block-image size-full\"><img loading=\"lazy\" decoding=\"async\" width=\"1024\" height=\"1024\" src=\"https:\/\/datorhjalp.se\/web\/wp-content\/uploads\/2025\/02\/kissemissmedksrivare.jpg\" alt=\"\" class=\"wp-image-1091\" srcset=\"https:\/\/datorhjalp.se\/web\/wp-content\/uploads\/2025\/02\/kissemissmedksrivare.jpg 1024w, https:\/\/datorhjalp.se\/web\/wp-content\/uploads\/2025\/02\/kissemissmedksrivare-300x300.jpg 300w, https:\/\/datorhjalp.se\/web\/wp-content\/uploads\/2025\/02\/kissemissmedksrivare-150x150.jpg 150w, https:\/\/datorhjalp.se\/web\/wp-content\/uploads\/2025\/02\/kissemissmedksrivare-768x768.jpg 768w\" sizes=\"auto, (max-width: 1024px) 100vw, 1024px\" \/><figcaption class=\"wp-element-caption\">Vi hj\u00e4lper dej installera skrivare, f\u00e5 ing\u00e5ng smarta TV apprater,generations byta mellan datorer med mera. Detta med RUT Avdraget som ger en kostnad av 399:- \/ tim efter RUT avdraget<\/figcaption><\/figure>\n\n\n\n<p>Datorhj\u00e4lp hj\u00e4lper dej med virusrensning, fels\u00f6kning och \u00e4ven r\u00e5dgivning i datas\u00e4kerhetsfr\u00e5gor.  L\u00e4s mer om <a href=\"https:\/\/datorhjalp.se\/web\/virusrensning\/\" class=\"aioseop-link\">virusrensningtj\u00e4nst<\/a><\/p>\n\n\n\n<hr class=\"wp-block-separator has-alpha-channel-opacity\"\/>\n\n\n\n<h4 class=\"wp-block-heading has-text-align-center\">Reparation av datorer.<\/h4>\n\n\n\n<figure class=\"wp-block-image aligncenter size-full is-resized\"><img loading=\"lazy\" decoding=\"async\" width=\"1024\" height=\"1024\" src=\"https:\/\/datorhjalp.se\/web\/wp-content\/uploads\/2023\/12\/KattenGustafMeckarDator.jpg\" alt=\"Laga dator\" class=\"wp-image-707\" style=\"width:652px;height:auto\" srcset=\"https:\/\/datorhjalp.se\/web\/wp-content\/uploads\/2023\/12\/KattenGustafMeckarDator.jpg 1024w, https:\/\/datorhjalp.se\/web\/wp-content\/uploads\/2023\/12\/KattenGustafMeckarDator-300x300.jpg 300w, https:\/\/datorhjalp.se\/web\/wp-content\/uploads\/2023\/12\/KattenGustafMeckarDator-150x150.jpg 150w, https:\/\/datorhjalp.se\/web\/wp-content\/uploads\/2023\/12\/KattenGustafMeckarDator-768x768.jpg 768w\" sizes=\"auto, (max-width: 1024px) 100vw, 1024px\" \/><figcaption class=\"wp-element-caption\">Datorhj\u00e4lp laga b\u00e5de station\u00e4rar och b\u00e4rbara datorer. <\/figcaption><\/figure>\n\n\n\n<figure class=\"wp-block-image size-full\"><img loading=\"lazy\" decoding=\"async\" width=\"1024\" height=\"1024\" src=\"https:\/\/datorhjalp.se\/web\/wp-content\/uploads\/2023\/12\/image-11.png\" alt=\"Datorer som inte starta\" class=\"wp-image-718\" srcset=\"https:\/\/datorhjalp.se\/web\/wp-content\/uploads\/2023\/12\/image-11.png 1024w, https:\/\/datorhjalp.se\/web\/wp-content\/uploads\/2023\/12\/image-11-300x300.png 300w, https:\/\/datorhjalp.se\/web\/wp-content\/uploads\/2023\/12\/image-11-150x150.png 150w, https:\/\/datorhjalp.se\/web\/wp-content\/uploads\/2023\/12\/image-11-768x768.png 768w\" sizes=\"auto, (max-width: 1024px) 100vw, 1024px\" \/><figcaption class=\"wp-element-caption\">Starta inte datorn? H\u00e5rddisk kr\u00e5ngel? Vi kan  kopiera ut filerna och \u00e5terst\u00e4lla maskinen. Laggar speldatorn?<\/figcaption><\/figure>\n\n\n\n<p>Har du en trasig dator? Ovas\u00e4tt  om det \u00e4r en modern PC \/ Mac s\u00e5 lagar vi din dator.<\/p>\n\n\n\n<figure class=\"wp-block-image size-full is-resized\"><img loading=\"lazy\" decoding=\"async\" width=\"1024\" height=\"1024\" src=\"https:\/\/datorhjalp.se\/web\/wp-content\/uploads\/2024\/02\/katt-gaming.jpg\" alt=\"\" class=\"wp-image-811\" style=\"width:650px;height:auto\" srcset=\"https:\/\/datorhjalp.se\/web\/wp-content\/uploads\/2024\/02\/katt-gaming.jpg 1024w, https:\/\/datorhjalp.se\/web\/wp-content\/uploads\/2024\/02\/katt-gaming-300x300.jpg 300w, https:\/\/datorhjalp.se\/web\/wp-content\/uploads\/2024\/02\/katt-gaming-150x150.jpg 150w, https:\/\/datorhjalp.se\/web\/wp-content\/uploads\/2024\/02\/katt-gaming-768x768.jpg 768w\" sizes=\"auto, (max-width: 1024px) 100vw, 1024px\" \/><figcaption class=\"wp-element-caption\">\u00c4r det tid att optimera din gaming-dator? Vi tror att maximala frames per sekund (FPS) b\u00f6r ses som en grundl\u00e4ggande r\u00e4ttighet.<\/figcaption><\/figure>\n\n\n\n<figure class=\"wp-block-image size-full\"><img loading=\"lazy\" decoding=\"async\" width=\"1024\" height=\"1024\" src=\"https:\/\/datorhjalp.se\/web\/wp-content\/uploads\/2024\/02\/katt-som-kopiera-filer.jpg\" alt=\"\" class=\"wp-image-816\" srcset=\"https:\/\/datorhjalp.se\/web\/wp-content\/uploads\/2024\/02\/katt-som-kopiera-filer.jpg 1024w, https:\/\/datorhjalp.se\/web\/wp-content\/uploads\/2024\/02\/katt-som-kopiera-filer-300x300.jpg 300w, https:\/\/datorhjalp.se\/web\/wp-content\/uploads\/2024\/02\/katt-som-kopiera-filer-150x150.jpg 150w, https:\/\/datorhjalp.se\/web\/wp-content\/uploads\/2024\/02\/katt-som-kopiera-filer-768x768.jpg 768w\" sizes=\"auto, (max-width: 1024px) 100vw, 1024px\" \/><figcaption class=\"wp-element-caption\">Kopiera ut filer ifr\u00e5n gamla datorer \u00e4r n\u00e5got vi g\u00f6r.<\/figcaption><\/figure>\n\n\n\n<p><\/p>\n\n\n\n<p>Vanliga jobba vi utf\u00f6r \u00e4r <a href=\"https:\/\/datorhjalp.se\/web\/skarmbyte-laptop\/\" class=\"aioseop-link\">Sk\u00e4rmbyte<\/a> , <a href=\"https:\/\/datorhjalp.se\/web\/flaktbyte-pa-datorn\/\" class=\"aioseop-link\">Fl\u00e4ktbyte<\/a>, <a href=\"https:\/\/datorhjalp.se\/web\/virusrensning\/\" class=\"aioseop-link\">Virusrensning<\/a> , Snabbare dator.<\/p>\n\n\n\n<hr class=\"wp-block-separator has-alpha-channel-opacity\"\/>\n\n\n\n<h2 class=\"wp-block-heading\">Linuxhj\u00e4lp hos Datorhj\u00e4lp<\/h2>\n\n\n\n<p><\/p>\n\n\n\n<figure class=\"wp-block-image size-full\"><img loading=\"lazy\" decoding=\"async\" width=\"1024\" height=\"1024\" src=\"https:\/\/datorhjalp.se\/web\/wp-content\/uploads\/2025\/04\/image-3.png\" alt=\"\" class=\"wp-image-1122\" srcset=\"https:\/\/datorhjalp.se\/web\/wp-content\/uploads\/2025\/04\/image-3.png 1024w, https:\/\/datorhjalp.se\/web\/wp-content\/uploads\/2025\/04\/image-3-300x300.png 300w, https:\/\/datorhjalp.se\/web\/wp-content\/uploads\/2025\/04\/image-3-150x150.png 150w, https:\/\/datorhjalp.se\/web\/wp-content\/uploads\/2025\/04\/image-3-768x768.png 768w\" sizes=\"auto, (max-width: 1024px) 100vw, 1024px\" \/><figcaption class=\"wp-element-caption\"><em><strong>Datorhj\u00e4lp gillar Linux \u2013 och vi hj\u00e4lper dig g\u00e4rna.<\/strong><br><\/em>N\u00e4r Windows 10 inte l\u00e4ngre st\u00f6ds kan vi ge din dator nytt liv med exempelvis Linux Mint.<\/figcaption><\/figure>\n\n\n\n<p>Vi gillar Linux! Vi har jobbat med det sedan 1995 och anv\u00e4nder det dagligen. N\u00e4r andra vill att du ska kasta din dator \u2013 ger Linux den nytt liv. Det \u00e4r bra f\u00f6r b\u00e5de pl\u00e5nboken och planeten.<\/p>\n\n\n\n<p>Windows 10 f\u00e5r sin sista uppdatering i oktober 2026, och m\u00e5nga datorer riskerar att kasseras \u2013 trots att de fungerar utm\u00e4rkt. Med Linux kan man ge dessa maskiner nytt liv och anv\u00e4nda dem i m\u00e5nga \u00e5r till.<\/p>\n\n\n\n<p>Vi bidrar ocks\u00e5 till det ideella projektet <a href=\"https:\/\/linux.se?dhjlp\" class=\"aioseop-link\">linux.se<\/a> genom att tillhandah\u00e5lla serverutrymme.<\/p>\n\n\n\n<p><\/p>\n","protected":false},"excerpt":{"rendered":"<p>V\u00e4lkommen till Datorhj\u00e4lp! Vi hj\u00e4lper dig med teknikproblem b\u00e5de i v\u00e5r servicebutik i Bromma och via hembes\u00f6k. Ett hembes\u00f6k kostar 399 kr per timme. Datorhj\u00e4lp \u2013 vi l\u00f6ser dina teknikproblem! Vi erbjuder snabb och personlig hj\u00e4lp, b\u00e5de hemma hos dig och i v\u00e5r servicebutik p\u00e5 Orrspelsv\u00e4gen 13, Bromma. Hemma hos dig kan vi ordna b\u00e4ttre [&hellip;]<\/p>\n","protected":false},"author":1,"featured_media":1763,"parent":0,"menu_order":0,"comment_status":"closed","ping_status":"closed","template":"","meta":{"footnotes":""},"class_list":["post-24","page","type-page","status-publish","has-post-thumbnail","hentry"],"_links":{"self":[{"href":"https:\/\/datorhjalp.se\/web\/wp-json\/wp\/v2\/pages\/24","targetHints":{"allow":["GET"]}}],"collection":[{"href":"https:\/\/datorhjalp.se\/web\/wp-json\/wp\/v2\/pages"}],"about":[{"href":"https:\/\/datorhjalp.se\/web\/wp-json\/wp\/v2\/types\/page"}],"author":[{"embeddable":true,"href":"https:\/\/datorhjalp.se\/web\/wp-json\/wp\/v2\/users\/1"}],"replies":[{"embeddable":true,"href":"https:\/\/datorhjalp.se\/web\/wp-json\/wp\/v2\/comments?post=24"}],"version-history":[{"count":357,"href":"https:\/\/datorhjalp.se\/web\/wp-json\/wp\/v2\/pages\/24\/revisions"}],"predecessor-version":[{"id":2102,"href":"https:\/\/datorhjalp.se\/web\/wp-json\/wp\/v2\/pages\/24\/revisions\/2102"}],"wp:featuredmedia":[{"embeddable":true,"href":"https:\/\/datorhjalp.se\/web\/wp-json\/wp\/v2\/media\/1763"}],"wp:attachment":[{"href":"https:\/\/datorhjalp.se\/web\/wp-json\/wp\/v2\/media?parent=24"}],"curies":[{"name":"wp","href":"https:\/\/api.w.org\/{rel}","templated":true}]}}