{"id":47,"date":"2022-12-16T14:30:45","date_gmt":"2022-12-16T13:30:45","guid":{"rendered":"https:\/\/datorhjalp.se\/w2\/?page_id=47"},"modified":"2026-02-14T12:19:28","modified_gmt":"2026-02-14T11:19:28","slug":"datorhjalp-online","status":"publish","type":"page","link":"https:\/\/datorhjalp.se\/web\/datorhjalp-online\/","title":{"rendered":"Datorhj\u00e4lp Online"},"content":{"rendered":"\n<figure class=\"wp-block-image is-resized\"><a href=\"https:\/\/get.teamviewer.com\/rjmars3\"><img decoding=\"async\" src=\"https:\/\/static.teamviewer.com\/resources\/2019\/07\/TeamViewer_Logo_512x512.png\" alt=\"static.teamviewer.com\/resources\/2019\/07\/TeamVie...\" style=\"width:233px;height:233px\"\/><\/a><\/figure>\n\n\n\n<p>Kr\u00e5nglar skrivaren? E-posten? Eller n\u00e5got annat som inte fungerar som det ska? Vi hj\u00e4lper dig med datorhj\u00e4lp online f\u00f6r Windows, Mac och Linux (Ubuntu), s\u00e5 att du f\u00e5r snabb och smidig hj\u00e4lp<\/p>\n\n\n\n<p>M\u00e5nga fel eller inst\u00e4llningar kan \u00e5tg\u00e4rdas p\u00e5 distans med fj\u00e4rrstyrningsprogrammet teamviewer kan vi hj\u00e4lpa dej p\u00e5 distans.<\/p>\n\n\n\n<p>H\u00e4r finns en <a href=\"https:\/\/datorhjalp.se\/web\/sa-laddar-du-ner-teamviewer-till-din-dator\/\" class=\"aioseop-link\">gudie<\/a> hur du installera teamviewer p\u00e5 din Mac eller Windows dator.<\/p>\n\n\n\n<form action=\"https:\/\/get.teamviewer.com\/rjmars3\" method=\"get\" target=\"_blank\">\n    <button type=\"submit\" style=\"\n        background-color: #0e8ee9;\n        color: white;\n        font-size: 28px;\n        padding: 25px 60px;\n        border: none;\n        border-radius: 12px;\n        cursor: pointer;\n        box-shadow: 0 6px 15px rgba(0,0,0,0.3);\n        transition: 0.3s;\n    \"\n    onmouseover=\"this.style.backgroundColor='#0b6fb8'\"\n    onmouseout=\"this.style.backgroundColor='#0e8ee9'\">\n        Klicka h\u00e4r f\u00f6r att ladda hem TeamViewer\n    <\/button>\n<\/form>\n\n\n\n\n<p>T\u00e4nk p\u00e5 att du m\u00e5ste boka tid med oss innan, s\u00e5 kan vi hj\u00e4lpa dej. <\/p>\n\n\n\n<p><\/p>\n","protected":false},"excerpt":{"rendered":"<p>Kr\u00e5nglar skrivaren? E-posten? Eller n\u00e5got annat som inte fungerar som det ska? Vi hj\u00e4lper dig med datorhj\u00e4lp online f\u00f6r Windows, Mac och Linux (Ubuntu), s\u00e5 att du f\u00e5r snabb och smidig hj\u00e4lp M\u00e5nga fel eller inst\u00e4llningar kan \u00e5tg\u00e4rdas p\u00e5 distans med fj\u00e4rrstyrningsprogrammet teamviewer kan vi hj\u00e4lpa dej p\u00e5 distans. H\u00e4r finns en gudie hur du [&hellip;]<\/p>\n","protected":false},"author":1,"featured_media":0,"parent":0,"menu_order":0,"comment_status":"closed","ping_status":"closed","template":"","meta":{"footnotes":""},"class_list":["post-47","page","type-page","status-publish","hentry"],"_links":{"self":[{"href":"https:\/\/datorhjalp.se\/web\/wp-json\/wp\/v2\/pages\/47","targetHints":{"allow":["GET"]}}],"collection":[{"href":"https:\/\/datorhjalp.se\/web\/wp-json\/wp\/v2\/pages"}],"about":[{"href":"https:\/\/datorhjalp.se\/web\/wp-json\/wp\/v2\/types\/page"}],"author":[{"embeddable":true,"href":"https:\/\/datorhjalp.se\/web\/wp-json\/wp\/v2\/users\/1"}],"replies":[{"embeddable":true,"href":"https:\/\/datorhjalp.se\/web\/wp-json\/wp\/v2\/comments?post=47"}],"version-history":[{"count":4,"href":"https:\/\/datorhjalp.se\/web\/wp-json\/wp\/v2\/pages\/47\/revisions"}],"predecessor-version":[{"id":1983,"href":"https:\/\/datorhjalp.se\/web\/wp-json\/wp\/v2\/pages\/47\/revisions\/1983"}],"wp:attachment":[{"href":"https:\/\/datorhjalp.se\/web\/wp-json\/wp\/v2\/media?parent=47"}],"curies":[{"name":"wp","href":"https:\/\/api.w.org\/{rel}","templated":true}]}}