{"id":49,"date":"2022-12-16T14:48:43","date_gmt":"2022-12-16T13:48:43","guid":{"rendered":"https:\/\/datorhjalp.se\/w2\/?page_id=49"},"modified":"2026-04-12T08:44:26","modified_gmt":"2026-04-12T06:44:26","slug":"datorhjalp-hemma","status":"publish","type":"page","link":"https:\/\/datorhjalp.se\/web\/datorhjalp-hemma\/","title":{"rendered":"Datorhj\u00e4lp hemma f\u00f6r 399:- efter RUT"},"content":{"rendered":"\n<figure class=\"wp-block-image size-full\"><img loading=\"lazy\" decoding=\"async\" width=\"800\" height=\"533\" src=\"https:\/\/datorhjalp.se\/web\/wp-content\/uploads\/2025\/11\/image.png\" alt=\"\" class=\"wp-image-1371\" srcset=\"https:\/\/datorhjalp.se\/web\/wp-content\/uploads\/2025\/11\/image.png 800w, https:\/\/datorhjalp.se\/web\/wp-content\/uploads\/2025\/11\/image-300x200.png 300w, https:\/\/datorhjalp.se\/web\/wp-content\/uploads\/2025\/11\/image-768x512.png 768w\" sizes=\"auto, (max-width: 800px) 100vw, 800px\" \/><figcaption class=\"wp-element-caption\"><strong><em>Kostnaden \u00e4r 399 kr per timme efter RUT-avdrag \u2013 utan resekostnad. Vi r\u00f6r oss \u00f6ver hela Stockholms l\u00e4n med vissa undantag, och det b\u00e4sta av allt: du betalar bara f\u00f6r den tid vi \u00e4r hos dig. Ingen kostnad f\u00f6r bilresor eller kollektivtrafik \u2013 bara f\u00f6r faktiskt arbete i ditt hem.<\/em><\/strong><\/figcaption><\/figure>\n\n\n\n<p><em><strong>OBS! Fr\u00e5n och med 1 november 2025 h\u00f6jer vi priset f\u00f6r RUT-arbete i hemmet till 399 kr per timme efter RUT-avdrag.<\/strong><\/em><\/p>\n\n\n\n<p><a href=\"#rutinfo\" class=\"aioseop-link\">L\u00e4s mer om hur RUT-avdraget fungerar<\/a><\/p>\n\n\n\n<h2 class=\"wp-block-heading\">Datorhj\u00e4lp Hemma<\/h2>\n\n\n\n<p>Datorhj\u00e4lp Hemma \u00e4r v\u00e5r popul\u00e4ra tj\u00e4nst d\u00e4r du kan f\u00e5 hj\u00e4lp med IT-problem. Det kan vara allt fr\u00e5n att visa hur en telefon fungerar till att byta fr\u00e5n en \u00e4ldre dator till en ny.<\/p>\n\n\n\n<p><\/p>\n\n\n\n<h3 class=\"wp-block-heading\">Vad kan vi hj\u00e4lpa dej med?<\/h3>\n\n\n\n<figure class=\"wp-block-image aligncenter size-full is-resized\"><img loading=\"lazy\" decoding=\"async\" width=\"1024\" height=\"1024\" src=\"https:\/\/datorhjalp.se\/web\/wp-content\/uploads\/2023\/12\/KattOchSkrivare2.jpg\" alt=\"Datorhj\u00e4lp fixa skrivar problemen\" class=\"wp-image-713\" style=\"width:446px;height:auto\" srcset=\"https:\/\/datorhjalp.se\/web\/wp-content\/uploads\/2023\/12\/KattOchSkrivare2.jpg 1024w, https:\/\/datorhjalp.se\/web\/wp-content\/uploads\/2023\/12\/KattOchSkrivare2-300x300.jpg 300w, https:\/\/datorhjalp.se\/web\/wp-content\/uploads\/2023\/12\/KattOchSkrivare2-150x150.jpg 150w, https:\/\/datorhjalp.se\/web\/wp-content\/uploads\/2023\/12\/KattOchSkrivare2-768x768.jpg 768w\" sizes=\"auto, (max-width: 1024px) 100vw, 1024px\" \/><figcaption class=\"wp-element-caption\">Vi installerar och konfigurerar skrivare.<\/figcaption><\/figure>\n\n\n\n<figure class=\"wp-block-image aligncenter size-full is-resized\"><img loading=\"lazy\" decoding=\"async\" width=\"1024\" height=\"1024\" src=\"https:\/\/datorhjalp.se\/web\/wp-content\/uploads\/2023\/12\/hund-network.jpg\" alt=\"Datorhj\u00e4lp fixar n\u00e4tverket\" class=\"wp-image-724\" style=\"width:446px;height:auto\" srcset=\"https:\/\/datorhjalp.se\/web\/wp-content\/uploads\/2023\/12\/hund-network.jpg 1024w, https:\/\/datorhjalp.se\/web\/wp-content\/uploads\/2023\/12\/hund-network-300x300.jpg 300w, https:\/\/datorhjalp.se\/web\/wp-content\/uploads\/2023\/12\/hund-network-150x150.jpg 150w, https:\/\/datorhjalp.se\/web\/wp-content\/uploads\/2023\/12\/hund-network-768x768.jpg 768w\" sizes=\"auto, (max-width: 1024px) 100vw, 1024px\" \/><figcaption class=\"wp-element-caption\">N\u00e4tverket? B\u00e4ttre WiFi t\u00e4ckning? Eller bara rensa bort flera generationer av utrustning?<\/figcaption><\/figure>\n\n\n\n<figure class=\"wp-block-image aligncenter size-full is-resized\"><img loading=\"lazy\" decoding=\"async\" width=\"1024\" height=\"1024\" src=\"https:\/\/datorhjalp.se\/web\/wp-content\/uploads\/2024\/02\/image-2.png\" alt=\"Datorhj\u00e4lp f\u00f6rklara hur det fungerar.\" class=\"wp-image-783\" style=\"width:438px;height:auto\" srcset=\"https:\/\/datorhjalp.se\/web\/wp-content\/uploads\/2024\/02\/image-2.png 1024w, https:\/\/datorhjalp.se\/web\/wp-content\/uploads\/2024\/02\/image-2-300x300.png 300w, https:\/\/datorhjalp.se\/web\/wp-content\/uploads\/2024\/02\/image-2-150x150.png 150w, https:\/\/datorhjalp.se\/web\/wp-content\/uploads\/2024\/02\/image-2-768x768.png 768w\" sizes=\"auto, (max-width: 1024px) 100vw, 1024px\" \/><figcaption class=\"wp-element-caption\">Vi kan \u00e4ven visa och f\u00f6rklara hur saker och ting fungera i datorernas v\u00e4rld. <\/figcaption><\/figure>\n\n\n\n<figure class=\"wp-block-image aligncenter size-full is-resized\"><img loading=\"lazy\" decoding=\"async\" width=\"1024\" height=\"1024\" src=\"https:\/\/datorhjalp.se\/web\/wp-content\/uploads\/2023\/12\/image-10.png\" alt=\"Datorhj\u00e4lp till med smart tv\" class=\"wp-image-710\" style=\"width:444px;height:auto\" srcset=\"https:\/\/datorhjalp.se\/web\/wp-content\/uploads\/2023\/12\/image-10.png 1024w, https:\/\/datorhjalp.se\/web\/wp-content\/uploads\/2023\/12\/image-10-300x300.png 300w, https:\/\/datorhjalp.se\/web\/wp-content\/uploads\/2023\/12\/image-10-150x150.png 150w, https:\/\/datorhjalp.se\/web\/wp-content\/uploads\/2023\/12\/image-10-768x768.png 768w\" sizes=\"auto, (max-width: 1024px) 100vw, 1024px\" \/><figcaption class=\"wp-element-caption\">Vi hj\u00e4lper dej att st\u00e4lla in den smarta TVn , \u00e4ven installera TV spel, kanals\u00f6kninng<\/figcaption><\/figure>\n\n\n\n<figure class=\"wp-block-image aligncenter size-full is-resized\"><img loading=\"lazy\" decoding=\"async\" width=\"1024\" height=\"1024\" src=\"https:\/\/datorhjalp.se\/web\/wp-content\/uploads\/2024\/02\/katt-med-post.jpg\" alt=\"Datorhj\u00e4lp hemma\" class=\"wp-image-801\" style=\"width:458px;height:auto\" srcset=\"https:\/\/datorhjalp.se\/web\/wp-content\/uploads\/2024\/02\/katt-med-post.jpg 1024w, https:\/\/datorhjalp.se\/web\/wp-content\/uploads\/2024\/02\/katt-med-post-300x300.jpg 300w, https:\/\/datorhjalp.se\/web\/wp-content\/uploads\/2024\/02\/katt-med-post-150x150.jpg 150w, https:\/\/datorhjalp.se\/web\/wp-content\/uploads\/2024\/02\/katt-med-post-768x768.jpg 768w\" sizes=\"auto, (max-width: 1024px) 100vw, 1024px\" \/><figcaption class=\"wp-element-caption\">Vi kan t.ex hj\u00e4lp dej att st\u00e4lla in E-post s\u00e5 den kan l\u00e4sa p\u00e5 flera enheter. Vi kan \u00e4ven hj\u00e4lpa till att byta E-post operat\u00f6r.<\/figcaption><\/figure>\n\n\n\n<p><strong>Lite prisexempel:<\/strong><\/p>\n\n\n\n<ul class=\"wp-block-list\">\n<li>Installation av b\u00e4ttre Wi-Fi i en l\u00e4genhet\/villa tar 1\u20132 timmar. Du betalar 798 kr f\u00f6r 2 timmars arbete efter RUT-avdrag, och vi tar ingen resekostnad. Vi r\u00f6r oss \u00f6ver hela Stockholm omr\u00e5de. ( Undagtag finns f\u00f6r geografiska otillg\u00e4ngliga platser.)<\/li>\n\n\n\n<li>Hj\u00e4lp med e-posten tar cirka 1 timme, och du betalar 399 kr efter RUT-avdrag och ingas resekostnader.<\/li>\n\n\n\n<li>Installation av skrivare kostar 399 kr efter RUT-avdrag, och vi tar ingen resekostnad.<\/li>\n\n\n\n<li>Att byta dator &#8211; att byta dator tar allt ifr\u00e5n 1 timme och upp\u00e5t.   <\/li>\n<\/ul>\n\n\n\n<p><strong>Exempel p\u00e5 vad vi kan g\u00f6ra f\u00f6r er:<\/strong><\/p>\n\n\n\n<p>H\u00e4r \u00e4r n\u00e5gra exempel p\u00e5 hur vi kan assistera er:<\/p>\n\n\n\n<ul class=\"wp-block-list\">\n<li>Beh\u00f6ver du assistans med din smartphone?<\/li>\n\n\n\n<li>Beh\u00f6ver du hj\u00e4lp med att s\u00e4tta upp Chromecast, Smart TV eller andra typer av TV-enheter som till exempel Apple TV?<\/li>\n\n\n\n<li>Beh\u00f6ver du hj\u00e4lp med installationer, som att installera program?<\/li>\n\n\n\n<li>Upplever du problem med din skrivare?<\/li>\n\n\n\n<li>Har du sv\u00e5righeter med n\u00e4tverket, Wi-Fi, routern eller ditt bredband?<\/li>\n\n\n\n<li>Har du problem med system som Mac, Linux eller Windows?<\/li>\n\n\n\n<li>Beh\u00f6ver du byta ut din gamla dator mot en nyare?<\/li>\n\n\n\n<li>Vill du snabba upp din dator?<\/li>\n\n\n\n<li>Beh\u00f6ver du hj\u00e4lp med att installera en skrivare och skriva ut fr\u00e5n olika enheter s\u00e5som iPads och datorer? (Detta kan kr\u00e4va att skrivaren uppfyller vissa tekniska krav f\u00f6r att fungera med en iPad.)<\/li>\n\n\n\n<li>Har din dator drabbats av virus eller skadlig mjukvara? Beh\u00f6ver du r\u00e5d om hur man f\u00f6rhindrar systemkrascher?<\/li>\n\n\n\n<li>\u00c4r det problem med din NAS-enhet?<\/li>\n\n\n\n<li>VIll du ha hj\u00e4lp att installera Linux? ( Vi kan Linux, vi har h\u00e5llit p\u00e5 med Linux sedan 1990 talet )<\/li>\n<\/ul>\n\n\n\n<p>Det finns m\u00e5nga anledningar att f\u00e5 teknisk hj\u00e4lp hemma, och du kan dessutom utnyttja 50% RUT-avdrag.<\/p>\n\n\n\n<p><strong>Pratar personen svenska som kommer hem till mig?<\/strong><br>Ja! All v\u00e5r personal har svenska som modersm\u00e5l. Vi \u00e4r vana vid att arbeta med \u00e4ldre och undviker d\u00e4rf\u00f6r att anv\u00e4nda tekniskt fackspr\u00e5k.<\/p>\n\n\n\n<p><strong>Hur g\u00e5r det till rent praktiskt?<\/strong><br>Man bokar en tid, och vi kommer hem till dig och hj\u00e4lper dig med det du beh\u00f6ver. Tid bokar du enklast genom att ringa <a href=\"tel:+468372100\" class=\"aioseop-link\">08-37 21 00<\/a>, skicka e-post till <a>kontakt@datorhjalp.se<\/a> eller via SMS p\u00e5 <a href=\"sms:+46765867000\" class=\"aioseop-link\">076-58 67 000<\/a>.<\/p>\n\n\n\n<div id=\"contact-info\" style=\"text-align: center;\">\n    <!-- \"Ring\"-knappen visas bara p\u00e5 enheter som kan ringa -->\n    <form action=\"tel:+468372100\" method=\"get\" id=\"call-button\" style=\"display: none;\">\n        <button type=\"submit\" style=\"background-color: blue; color: yellow; border: none; padding: 10px 20px; font-size: 20px; cursor: pointer; border-radius: 5px;\">\n            Ring 08 37 21 00\n        <\/button>\n    <\/form>\n<\/div>\n\n<script>\n    \/\/ Kontrollera om enheten \u00e4r mobil och kan ringa\n    function checkIfMobileDevice() {\n        const userAgent = navigator.userAgent || navigator.vendor || window.opera;\n        \/\/ Identifiera mobil enheter\n        const isMobile = \/android|iphone|ipad|ipod|opera mini|iemobile|mobile\/i.test(userAgent);\n        const callButton = document.getElementById('call-button');\n\n        if (isMobile) {\n            \/\/ Visa ring-knappen\n            callButton.style.display = 'block';\n        } else {\n            \/\/ D\u00f6lj kontaktinfo helt\n            const contactInfo = document.getElementById('contact-info');\n            contactInfo.style.display = 'none';\n        }\n    }\n\n    \/\/ K\u00f6r funktionen n\u00e4r sidan laddas\n    document.addEventListener('DOMContentLoaded', checkIfMobileDevice);\n<\/script>\n\n\n\n<p>Sedan betalar du dina 50% efter RUT-avdraget med kort (Mastercard, Visa eller Amex) eller Swish. Du f\u00e5r ett kvitto via e-post, och vi kommer att be om ditt personnummer. N\u00e4r vi har l\u00e4mnat in uppgifterna till Skatteverket, f\u00e5r du ett besked d\u00e4rifr\u00e5n.<br><br><strong>Hj\u00e4lp efter bes\u00f6ket.<br><\/strong><\/p>\n\n\n\n<figure class=\"wp-block-image size-full\"><img loading=\"lazy\" decoding=\"async\" width=\"1024\" height=\"1024\" src=\"https:\/\/datorhjalp.se\/web\/wp-content\/uploads\/2024\/02\/kissemiss.jpg\" alt=\"Datorhj\u00e4lp hemma\" class=\"wp-image-800\" srcset=\"https:\/\/datorhjalp.se\/web\/wp-content\/uploads\/2024\/02\/kissemiss.jpg 1024w, https:\/\/datorhjalp.se\/web\/wp-content\/uploads\/2024\/02\/kissemiss-300x300.jpg 300w, https:\/\/datorhjalp.se\/web\/wp-content\/uploads\/2024\/02\/kissemiss-150x150.jpg 150w, https:\/\/datorhjalp.se\/web\/wp-content\/uploads\/2024\/02\/kissemiss-768x768.jpg 768w\" sizes=\"auto, (max-width: 1024px) 100vw, 1024px\" \/><figcaption class=\"wp-element-caption\">Har du fr\u00e5gor efter bes\u00f6ket hemma Er? D\u00e5 \u00e4r det bara att ringa. <\/figcaption><\/figure>\n\n\n\n<p>Ibland vill man ha hj\u00e4lp efter bes\u00f6ket, kanske har man n\u00e5gon fr\u00e5ga. D\u00e5 kan vi hj\u00e4lpa dig p\u00e5 distans och visa hur man g\u00f6r.<\/p>\n\n\n\n<h2 class=\"wp-block-heading\">Vi finns i verkligheten<\/h2>\n\n\n\n<p>Till skillnad fr\u00e5n m\u00e5nga akt\u00f6rer inom &#8217;Datorhj\u00e4lp hemma&#8217;-branschen, som bara n\u00e5s via telefon och saknar fysisk n\u00e4rvaro, finns vi p\u00e5 riktigt. Du \u00e4r alltid v\u00e4lkommen att bes\u00f6ka oss p\u00e5 Orrspelsv\u00e4gen 13 i Bromma. Hos oss f\u00e5r du b\u00e5de personlig service och fasta \u00f6ppettider:<\/p>\n\n\n\n<table width=\"100%\">\n  <tr>\n    <td colspan=\"2\" align=\"center\">\n      <h1 style=\"background-color: black; color: white; padding: 10px; display: inline-block; border-radius: 6px;\">\n        \u00d6ppettider\n      <\/h1>\n    <\/td>\n  <\/tr>\n  <tr>\n    <td colspan=\"2\">\n      <div id=\"openTimesTableContainer\" style=\"text-align: center; max-width: 1500px; margin: 0 auto;\"><\/div>\n    <\/td>\n  <\/tr>\n  <tr>\n    <td colspan=\"2\" style=\"text-align: center;\">\n      <br>\n      Tiden ovan g\u00e4ller \u00f6ppettider p\u00e5 Orrspelsv\u00e4gen 13, Bromma. V\u00e5ra telefontider \u00e4r 09:00\u201319:00. \n      Om du inte f\u00e5r svar p\u00e5 <a href=\"tel:+468372100\">08 37 21 00<\/a>, skicka ett sms till \n      <a href=\"sms:+46765867000\">076 58 67 000<\/a>.\n      <br><br>\n    <\/td>\n  <\/tr>\n<\/table>\n\n<script src=\"https:\/\/datorhjalp.se\/OpenTime.php?color=black&#038;Container=openTimesTableContainer\"><\/script>\n\n\n\n<a id=\"rutinfo\"><\/a>\n<div style=\"background-color: #e0f8e0; border: 2px solid #4CAF50; padding: 20px; border-radius: 8px; max-width: 800px; margin: 0 auto;\">\n  <h2 style=\"margin-top: 0;\">Hur fungerar RUT-avdraget?<\/h2>\n  <p>\n    RUT-avdraget \u00e4r en skattereduktion som g\u00f6r det billigare att f\u00e5 hj\u00e4lp med IT- och hush\u00e5llsn\u00e4ra tj\u00e4nster i hemmet.\n    Du f\u00e5r <strong>50\u202f% av arbetskostnaden avdragen direkt p\u00e5 fakturan<\/strong> \u2013 du betalar allts\u00e5 bara h\u00e4lften.\n  <\/p>\n\n  <p><strong>Exempel:<\/strong><br>\n  Tj\u00e4nsten kostar 798\u202fkr per timme. Efter RUT-avdrag betalar du endast <strong>399\u202fkr per timme<\/strong>.<\/p>\n\n  <p><strong>S\u00e5 fungerar det:<\/strong><\/p>\n  <ul>\n    <li>Du beh\u00f6ver inte g\u00f6ra n\u00e5got \u2013 vi sk\u00f6ter ans\u00f6kan till Skatteverket.<\/li>\n    <li>Fakturan visar redan priset med RUT-avdrag inr\u00e4knat.<\/li>\n    <li>Avdraget dras fr\u00e5n din skatt av Skatteverket.<\/li>\n  <\/ul>\n\n  <p><strong>Villkor:<\/strong><\/p>\n  <ul>\n    <li>Du \u00e4r \u00f6ver 18 \u00e5r.<\/li>\n    <li>Du betalar skatt i Sverige.<\/li>\n    <li>Arbetet sker i eller n\u00e4ra din bostad.<\/li>\n  <\/ul>\n\n  <p><strong>Maxbelopp:<\/strong><br>\n  Du kan f\u00e5 upp till <strong>75\u202f000\u202fkr per \u00e5r<\/strong> i RUT-avdrag per person (delas med andra RUT-tj\u00e4nster).<\/p>\n<\/div>\n","protected":false},"excerpt":{"rendered":"<p>OBS! Fr\u00e5n och med 1 november 2025 h\u00f6jer vi priset f\u00f6r RUT-arbete i hemmet till 399 kr per timme efter RUT-avdrag. L\u00e4s mer om hur RUT-avdraget fungerar Datorhj\u00e4lp Hemma Datorhj\u00e4lp Hemma \u00e4r v\u00e5r popul\u00e4ra tj\u00e4nst d\u00e4r du kan f\u00e5 hj\u00e4lp med IT-problem. Det kan vara allt fr\u00e5n att visa hur en telefon fungerar till att [&hellip;]<\/p>\n","protected":false},"author":1,"featured_media":0,"parent":0,"menu_order":0,"comment_status":"closed","ping_status":"closed","template":"","meta":{"footnotes":""},"class_list":["post-49","page","type-page","status-publish","hentry"],"_links":{"self":[{"href":"https:\/\/datorhjalp.se\/web\/wp-json\/wp\/v2\/pages\/49","targetHints":{"allow":["GET"]}}],"collection":[{"href":"https:\/\/datorhjalp.se\/web\/wp-json\/wp\/v2\/pages"}],"about":[{"href":"https:\/\/datorhjalp.se\/web\/wp-json\/wp\/v2\/types\/page"}],"author":[{"embeddable":true,"href":"https:\/\/datorhjalp.se\/web\/wp-json\/wp\/v2\/users\/1"}],"replies":[{"embeddable":true,"href":"https:\/\/datorhjalp.se\/web\/wp-json\/wp\/v2\/comments?post=49"}],"version-history":[{"count":44,"href":"https:\/\/datorhjalp.se\/web\/wp-json\/wp\/v2\/pages\/49\/revisions"}],"predecessor-version":[{"id":2103,"href":"https:\/\/datorhjalp.se\/web\/wp-json\/wp\/v2\/pages\/49\/revisions\/2103"}],"wp:attachment":[{"href":"https:\/\/datorhjalp.se\/web\/wp-json\/wp\/v2\/media?parent=49"}],"curies":[{"name":"wp","href":"https:\/\/api.w.org\/{rel}","templated":true}]}}