{"id":820,"date":"2024-02-28T07:22:48","date_gmt":"2024-02-28T06:22:48","guid":{"rendered":"https:\/\/datorhjalp.se\/web\/?page_id=820"},"modified":"2024-02-28T07:39:16","modified_gmt":"2024-02-28T06:39:16","slug":"ar-du-redo-att-upptacka-friheten-och-kraften-med-linux","status":"publish","type":"page","link":"https:\/\/datorhjalp.se\/web\/ar-du-redo-att-upptacka-friheten-och-kraften-med-linux\/","title":{"rendered":"\u00c4r du redo att uppt\u00e4cka friheten och kraften med Linux?"},"content":{"rendered":"\n<figure class=\"wp-block-image aligncenter size-full is-resized\"><img loading=\"lazy\" decoding=\"async\" width=\"1024\" height=\"1024\" src=\"https:\/\/datorhjalp.se\/web\/wp-content\/uploads\/2024\/02\/image-4.png\" alt=\"\" class=\"wp-image-821\" style=\"width:531px;height:auto\" srcset=\"https:\/\/datorhjalp.se\/web\/wp-content\/uploads\/2024\/02\/image-4.png 1024w, https:\/\/datorhjalp.se\/web\/wp-content\/uploads\/2024\/02\/image-4-300x300.png 300w, https:\/\/datorhjalp.se\/web\/wp-content\/uploads\/2024\/02\/image-4-150x150.png 150w, https:\/\/datorhjalp.se\/web\/wp-content\/uploads\/2024\/02\/image-4-768x768.png 768w\" sizes=\"auto, (max-width: 1024px) 100vw, 1024px\" \/><figcaption class=\"wp-element-caption\">Nu kan man k\u00f6pa Linux p\u00e5 USB sticka<\/figcaption><\/figure>\n\n\n\n<p>\u00c4r du redo att uppt\u00e4cka friheten och kraften med Linux? V\u00e4lkommen till en v\u00e4rld d\u00e4r gr\u00e4nserna f\u00f6r vad din dator kan g\u00f6ra utvidgas. V\u00e5r exklusiva samling av Linux p\u00e5 USB ger dig omedelbar tillg\u00e5ng till n\u00e5gra av de mest popul\u00e4ra och kraftfulla operativsystemen i v\u00e4rlden: Debian, Ubuntu, Mint och Fedora.<\/p>\n\n\n\n<p><strong>Varf\u00f6r Linux p\u00e5 USB?<\/strong><br>Med Linux p\u00e5 USB kan du enkelt prova olika Linux-distributioner utan att riskera din dators nuvarande inst\u00e4llningar. Det \u00e4r den perfekta l\u00f6sningen f\u00f6r b\u00e5de nyb\u00f6rjare som vill utforska Linux och erfarna anv\u00e4ndare som beh\u00f6ver en portabel och flexibel operativsystemsl\u00f6sning.<\/p>\n\n\n\n<p><strong>V\u00e4lj din favoritdistribution:<\/strong><\/p>\n\n\n\n<ul class=\"wp-block-list\">\n<li><strong>Debian:<\/strong> Stabilitetens m\u00e4stare. Perfekt f\u00f6r dig som v\u00e4rderar en robust och s\u00e4ker grund.<\/li>\n\n\n\n<li><strong>Ubuntu:<\/strong> Anv\u00e4ndarv\u00e4nlighet i dess finaste form. Idealisk f\u00f6r b\u00e5de nyb\u00f6rjare och erfarna anv\u00e4ndare.<\/li>\n\n\n\n<li><strong>Mint:<\/strong> Elegant och effektiv, med fokus p\u00e5 enkelhet och elegans. Mint \u00e4r k\u00e4nt f\u00f6r sitt intuitiva gr\u00e4nssnitt.<\/li>\n\n\n\n<li><strong>Fedora:<\/strong> P\u00e5 framkanten av tekniken. Perfekt f\u00f6r de som vill utforska de senaste funktionerna och innovationerna.<\/li>\n<\/ul>\n\n\n\n<p><strong>Vad ing\u00e5r i ditt k\u00f6p?<\/strong><\/p>\n\n\n\n<ul class=\"wp-block-list\">\n<li>En h\u00f6gkvalitativ, h\u00e5llbar USB-sticka med den Linux-distribution du v\u00e4ljer.<\/li>\n\n\n\n<li>F\u00f6rinstallerad programvara med m\u00f6jlighet att k\u00f6ra direkt fr\u00e5n USB eller installera p\u00e5 din dator.<\/li>\n<\/ul>\n\n\n\n<p><strong>F\u00f6rdelar:<\/strong><\/p>\n\n\n\n<ul class=\"wp-block-list\">\n<li><strong>Flexibilitet:<\/strong> Testa olika distributioner utan att p\u00e5verka din dator.<\/li>\n\n\n\n<li><strong>Portabilitet:<\/strong> Ta med ditt operativsystem i fickan, redo att anv\u00e4nda p\u00e5 vilken dator som helst.<\/li>\n\n\n\n<li><strong>Enkelhet:<\/strong> Inga komplicerade installationsprocesser. Plugga in, starta upp, och du \u00e4r redo att utforska.<\/li>\n<\/ul>\n\n\n\n<p><strong>S\u00e4rskild Erbjudande:<\/strong><br>Missa inte chansen att omfamna \u00f6ppen k\u00e4llkods kraft med bekv\u00e4mligheten och flexibiliteten av en USB-sticka.<\/p>\n\n\n\n<p>Ta steget idag och bli en del av Linux-gemenskapen. V\u00e4lj din distribution och upplev en v\u00e4rld av m\u00f6jligheter. K\u00f6p din Linux p\u00e5 USB nu och b\u00f6rja din resa mot frihet och flexibilitet.&#8217;<\/p>\n\n\n\n<p><strong>Vi erbjuder f\u00f6ljande : <\/strong><\/p>\n\n\n\n<p>Bootbar USB med  Debian, Ubuntu, Fedora  eller Mint ( En distrubtion ing\u00e5r ) . USB minnet \u00e4r vanligtvis av m\u00e4rket Kingston ( Undantag kan f\u00f6rekomma ) <\/p>\n\n\n\n<p><strong>Pris 200:- inkl. moms ( Stickan g\u00f6rs just in time ) och kan f\u00f6rn\u00e4rvande endast k\u00f6pas \u00f6ver disk i v\u00e5r butik p\u00e5 Orrspelsv\u00e4gen 13, Bromma . <\/strong><\/p>\n","protected":false},"excerpt":{"rendered":"<p>\u00c4r du redo att uppt\u00e4cka friheten och kraften med Linux? V\u00e4lkommen till en v\u00e4rld d\u00e4r gr\u00e4nserna f\u00f6r vad din dator kan g\u00f6ra utvidgas. V\u00e5r exklusiva samling av Linux p\u00e5 USB ger dig omedelbar tillg\u00e5ng till n\u00e5gra av de mest popul\u00e4ra och kraftfulla operativsystemen i v\u00e4rlden: Debian, Ubuntu, Mint och Fedora. Varf\u00f6r Linux p\u00e5 USB?Med Linux [&hellip;]<\/p>\n","protected":false},"author":1,"featured_media":0,"parent":0,"menu_order":0,"comment_status":"closed","ping_status":"closed","template":"","meta":{"footnotes":""},"class_list":["post-820","page","type-page","status-publish","hentry"],"_links":{"self":[{"href":"https:\/\/datorhjalp.se\/web\/wp-json\/wp\/v2\/pages\/820","targetHints":{"allow":["GET"]}}],"collection":[{"href":"https:\/\/datorhjalp.se\/web\/wp-json\/wp\/v2\/pages"}],"about":[{"href":"https:\/\/datorhjalp.se\/web\/wp-json\/wp\/v2\/types\/page"}],"author":[{"embeddable":true,"href":"https:\/\/datorhjalp.se\/web\/wp-json\/wp\/v2\/users\/1"}],"replies":[{"embeddable":true,"href":"https:\/\/datorhjalp.se\/web\/wp-json\/wp\/v2\/comments?post=820"}],"version-history":[{"count":2,"href":"https:\/\/datorhjalp.se\/web\/wp-json\/wp\/v2\/pages\/820\/revisions"}],"predecessor-version":[{"id":823,"href":"https:\/\/datorhjalp.se\/web\/wp-json\/wp\/v2\/pages\/820\/revisions\/823"}],"wp:attachment":[{"href":"https:\/\/datorhjalp.se\/web\/wp-json\/wp\/v2\/media?parent=820"}],"curies":[{"name":"wp","href":"https:\/\/api.w.org\/{rel}","templated":true}]}}