{"id":855,"date":"2024-04-02T07:37:18","date_gmt":"2024-04-02T05:37:18","guid":{"rendered":"https:\/\/datorhjalp.se\/web\/?page_id=855"},"modified":"2024-04-02T07:37:18","modified_gmt":"2024-04-02T05:37:18","slug":"e-post-hjalp","status":"publish","type":"page","link":"https:\/\/datorhjalp.se\/web\/e-post-hjalp\/","title":{"rendered":"E-post hj\u00e4lp"},"content":{"rendered":"\n<figure class=\"wp-block-image size-large\"><img loading=\"lazy\" decoding=\"async\" width=\"1024\" height=\"585\" src=\"https:\/\/datorhjalp.se\/web\/wp-content\/uploads\/2024\/04\/e-post-1024x585.jpg\" alt=\"\" class=\"wp-image-856\" srcset=\"https:\/\/datorhjalp.se\/web\/wp-content\/uploads\/2024\/04\/e-post-1024x585.jpg 1024w, https:\/\/datorhjalp.se\/web\/wp-content\/uploads\/2024\/04\/e-post-300x171.jpg 300w, https:\/\/datorhjalp.se\/web\/wp-content\/uploads\/2024\/04\/e-post-768x439.jpg 768w, https:\/\/datorhjalp.se\/web\/wp-content\/uploads\/2024\/04\/e-post-1536x878.jpg 1536w, https:\/\/datorhjalp.se\/web\/wp-content\/uploads\/2024\/04\/e-post.jpg 1792w\" sizes=\"auto, (max-width: 1024px) 100vw, 1024px\" \/><figcaption class=\"wp-element-caption\">F\u00e5r du v\u00e4ldig mycket E-post?<\/figcaption><\/figure>\n\n\n\n<p>Har du problem med din e-post, eller \u00e4r du i behov av att skapa en ny e-postadress? Beh\u00f6ver du assistans f\u00f6r att konfigurera din e-post p\u00e5 mobilen, surfplattan eller datorn? D\u00e5 har du hittat r\u00e4tt plats. Vi erbjuder hj\u00e4lp med e-postfr\u00e5gor antingen direkt i v\u00e5r aff\u00e4r p\u00e5 Orrspelsv\u00e4gen 13 i Bromma, eller genom hemservice och onlinehj\u00e4lp.<\/p>\n\n\n\n<p>Om du dessutom \u00f6nskar en personlig e-postadress som namn@efternamn.xyz (d\u00e4r xyz st\u00e5r f\u00f6r en passande toppdom\u00e4n), st\u00e5r vi redo att bist\u00e5 \u00e4ven med detta.<\/p>\n\n\n\n<p>Oavsett ditt e-postbehov, v\u00e5r expertis t\u00e4cker allt fr\u00e5n grundl\u00e4ggande inst\u00e4llningar till skr\u00e4ddarsydda e-postl\u00f6sningar. V\u00e4lkommen till oss f\u00f6r professionell e-posthj\u00e4lp.<\/p>\n\n\n\n<p><\/p>\n","protected":false},"excerpt":{"rendered":"<p>Har du problem med din e-post, eller \u00e4r du i behov av att skapa en ny e-postadress? Beh\u00f6ver du assistans f\u00f6r att konfigurera din e-post p\u00e5 mobilen, surfplattan eller datorn? D\u00e5 har du hittat r\u00e4tt plats. Vi erbjuder hj\u00e4lp med e-postfr\u00e5gor antingen direkt i v\u00e5r aff\u00e4r p\u00e5 Orrspelsv\u00e4gen 13 i Bromma, eller genom hemservice och [&hellip;]<\/p>\n","protected":false},"author":1,"featured_media":0,"parent":0,"menu_order":0,"comment_status":"closed","ping_status":"closed","template":"","meta":{"footnotes":""},"class_list":["post-855","page","type-page","status-publish","hentry"],"_links":{"self":[{"href":"https:\/\/datorhjalp.se\/web\/wp-json\/wp\/v2\/pages\/855","targetHints":{"allow":["GET"]}}],"collection":[{"href":"https:\/\/datorhjalp.se\/web\/wp-json\/wp\/v2\/pages"}],"about":[{"href":"https:\/\/datorhjalp.se\/web\/wp-json\/wp\/v2\/types\/page"}],"author":[{"embeddable":true,"href":"https:\/\/datorhjalp.se\/web\/wp-json\/wp\/v2\/users\/1"}],"replies":[{"embeddable":true,"href":"https:\/\/datorhjalp.se\/web\/wp-json\/wp\/v2\/comments?post=855"}],"version-history":[{"count":1,"href":"https:\/\/datorhjalp.se\/web\/wp-json\/wp\/v2\/pages\/855\/revisions"}],"predecessor-version":[{"id":857,"href":"https:\/\/datorhjalp.se\/web\/wp-json\/wp\/v2\/pages\/855\/revisions\/857"}],"wp:attachment":[{"href":"https:\/\/datorhjalp.se\/web\/wp-json\/wp\/v2\/media?parent=855"}],"curies":[{"name":"wp","href":"https:\/\/api.w.org\/{rel}","templated":true}]}}