{"id":901,"date":"2024-05-20T19:35:03","date_gmt":"2024-05-20T17:35:03","guid":{"rendered":"https:\/\/datorhjalp.se\/web\/?page_id=901"},"modified":"2024-05-20T19:35:03","modified_gmt":"2024-05-20T17:35:03","slug":"prislista","status":"publish","type":"page","link":"https:\/\/datorhjalp.se\/web\/prislista\/","title":{"rendered":"Prislista"},"content":{"rendered":"\n<p>Datorhj\u00e4lp hemma  350:- \/ tim efter RUT avdraget. Ingen  reseers\u00e4ttning inom Stockholms omr\u00e5det ( Undantag finns )<\/p>\n\n\n\n<p><strong>Ominstallation av OS <\/strong><\/p>\n\n\n\n<p>Windows 10 och 11   ( Priset ing\u00e5r bara installtion, dvs ingen backup ing\u00e5r )<\/p>\n\n\n\n<p><strong>Pris 600:-<\/strong><\/p>\n\n\n\n<p>Backup av filer innan ominstallation<br><strong>Pris 300:-<\/strong><\/p>\n\n\n\n<p><strong>Installation av Linux<\/strong><br>Desktop installtion av Ubuntu 24.04 LTS eller Debian  . Ingen backup g\u00f6rs. <\/p>\n\n\n\n<p><strong>Pris 400:-<\/strong> <\/p>\n\n\n\n<p>Installation av Mac OS  utan backup<\/p>\n\n\n\n<p><strong>Pris 600:-<\/strong><\/p>\n\n\n\n<p><strong>Kopering av filer <\/strong><\/p>\n\n\n\n<p>Har du gamla enheter som ligger skr\u00e4p? VIll samla ihop alla filer till en extern h\u00e5rddisk.<\/p>\n\n\n\n<p>Startkostnad 500:- d\u00e4refter 300:- per enheter ( Detta f\u00f6ruts\u00e4tter att h\u00e5rddisken \u00e4r i ok skick ) plus media att l\u00e4gga data. Om kunden tillhandh\u00e5ller media, s\u00e5 skall media vara tomt. <\/p>\n\n\n\n<p><strong>Sl\u00e4ng inte din dator<\/strong><br>Sl\u00e4ng inte din dator \u00e4r ett projekt som Datorhj\u00e4lp driver tillsammans med Linux.se. Datorhj\u00e4lp raderar din h\u00e5rddisk gratis om du s\u00e4nker bort din dator. Datorhj\u00e4lp kommer sedan installera Linux p\u00e5 din dator och ge den vidare till beh\u00f6vande m\u00e4nniskor. I det svenska samh\u00e4llet idag m\u00e5ste man ha en dator f\u00f6r att kunna surfa p\u00e5 n\u00e4tet.<\/p>\n\n\n\n<p>Mer info kommer<\/p>\n\n\n\n<p><strong>OBS! Alla priser \u00e4r inkl. moms<\/strong><\/p>\n","protected":false},"excerpt":{"rendered":"<p>Datorhj\u00e4lp hemma 350:- \/ tim efter RUT avdraget. Ingen reseers\u00e4ttning inom Stockholms omr\u00e5det ( Undantag finns ) Ominstallation av OS Windows 10 och 11 ( Priset ing\u00e5r bara installtion, dvs ingen backup ing\u00e5r ) Pris 600:- Backup av filer innan ominstallationPris 300:- Installation av LinuxDesktop installtion av Ubuntu 24.04 LTS eller Debian . Ingen backup [&hellip;]<\/p>\n","protected":false},"author":1,"featured_media":0,"parent":0,"menu_order":0,"comment_status":"closed","ping_status":"closed","template":"","meta":{"footnotes":""},"class_list":["post-901","page","type-page","status-publish","hentry"],"_links":{"self":[{"href":"https:\/\/datorhjalp.se\/web\/wp-json\/wp\/v2\/pages\/901","targetHints":{"allow":["GET"]}}],"collection":[{"href":"https:\/\/datorhjalp.se\/web\/wp-json\/wp\/v2\/pages"}],"about":[{"href":"https:\/\/datorhjalp.se\/web\/wp-json\/wp\/v2\/types\/page"}],"author":[{"embeddable":true,"href":"https:\/\/datorhjalp.se\/web\/wp-json\/wp\/v2\/users\/1"}],"replies":[{"embeddable":true,"href":"https:\/\/datorhjalp.se\/web\/wp-json\/wp\/v2\/comments?post=901"}],"version-history":[{"count":1,"href":"https:\/\/datorhjalp.se\/web\/wp-json\/wp\/v2\/pages\/901\/revisions"}],"predecessor-version":[{"id":903,"href":"https:\/\/datorhjalp.se\/web\/wp-json\/wp\/v2\/pages\/901\/revisions\/903"}],"wp:attachment":[{"href":"https:\/\/datorhjalp.se\/web\/wp-json\/wp\/v2\/media?parent=901"}],"curies":[{"name":"wp","href":"https:\/\/api.w.org\/{rel}","templated":true}]}}