{"id":993,"date":"2024-10-12T13:42:30","date_gmt":"2024-10-12T11:42:30","guid":{"rendered":"https:\/\/datorhjalp.se\/web\/?page_id=993"},"modified":"2024-10-12T13:53:33","modified_gmt":"2024-10-12T11:53:33","slug":"aterskapa-adressboken","status":"publish","type":"page","link":"https:\/\/datorhjalp.se\/web\/aterskapa-adressboken\/","title":{"rendered":"\u00c5terskapa Adressboken"},"content":{"rendered":"\n<figure class=\"wp-block-image size-large is-resized\"><img decoding=\"async\" src=\"https:\/\/datorhjalp.se\/web\/wp-content\/uploads\/2024\/10\/katt-und-adressbok.jpg\" alt=\"\" style=\"width:529px;height:auto\"\/><\/figure>\n\n\n\n<h1 class=\"wp-block-heading\">\u00c5terskapa Adressboken<\/h1>\n\n\n\n<p>Ibland h\u00e4nder det som inte f\u00e5r h\u00e4nda \u2013 hela din adressbok med e-postadresser f\u00f6rsvinner ut i cyberrymden.<\/p>\n\n\n\n<p>Vi kan hj\u00e4lpa dig att \u00e5terskapa din adressbok. S\u00e5 h\u00e4r g\u00e5r det till: Vi f\u00e5r tillg\u00e5ng till din e-post och k\u00f6r sedan ett egenutvecklat program som g\u00e5r igenom din e-post. Resultatet blir en f\u00e4rdig lista med alla e-postadresser som har skickats som e-post till din e-post adress genom \u00e5ren.<\/p>\n\n\n\n<p>Sedan kan du enkelt rensa i listan och ta bort exempelvis &#8221;noreply&#8221;-adresser och liknande och importera detta i ditt e-post program ingen.<\/p>\n\n\n\n<p>F\u00f6r mer information, kontakta oss p\u00e5 <a>kontakt@datorhjalp.se<\/a><\/p>\n","protected":false},"excerpt":{"rendered":"<p>\u00c5terskapa Adressboken Ibland h\u00e4nder det som inte f\u00e5r h\u00e4nda \u2013 hela din adressbok med e-postadresser f\u00f6rsvinner ut i cyberrymden. Vi kan hj\u00e4lpa dig att \u00e5terskapa din adressbok. S\u00e5 h\u00e4r g\u00e5r det till: Vi f\u00e5r tillg\u00e5ng till din e-post och k\u00f6r sedan ett egenutvecklat program som g\u00e5r igenom din e-post. Resultatet blir en f\u00e4rdig lista med [&hellip;]<\/p>\n","protected":false},"author":1,"featured_media":0,"parent":0,"menu_order":0,"comment_status":"closed","ping_status":"closed","template":"","meta":{"footnotes":""},"class_list":["post-993","page","type-page","status-publish","hentry"],"_links":{"self":[{"href":"https:\/\/datorhjalp.se\/web\/wp-json\/wp\/v2\/pages\/993","targetHints":{"allow":["GET"]}}],"collection":[{"href":"https:\/\/datorhjalp.se\/web\/wp-json\/wp\/v2\/pages"}],"about":[{"href":"https:\/\/datorhjalp.se\/web\/wp-json\/wp\/v2\/types\/page"}],"author":[{"embeddable":true,"href":"https:\/\/datorhjalp.se\/web\/wp-json\/wp\/v2\/users\/1"}],"replies":[{"embeddable":true,"href":"https:\/\/datorhjalp.se\/web\/wp-json\/wp\/v2\/comments?post=993"}],"version-history":[{"count":4,"href":"https:\/\/datorhjalp.se\/web\/wp-json\/wp\/v2\/pages\/993\/revisions"}],"predecessor-version":[{"id":998,"href":"https:\/\/datorhjalp.se\/web\/wp-json\/wp\/v2\/pages\/993\/revisions\/998"}],"wp:attachment":[{"href":"https:\/\/datorhjalp.se\/web\/wp-json\/wp\/v2\/media?parent=993"}],"curies":[{"name":"wp","href":"https:\/\/api.w.org\/{rel}","templated":true}]}}